{"id":279077,"date":"2025-05-22T10:54:42","date_gmt":"2025-05-22T08:54:42","guid":{"rendered":"https:\/\/www.vbm-medical.de\/?page_id=279077"},"modified":"2025-05-22T11:08:32","modified_gmt":"2025-05-22T09:08:32","slug":"qualite","status":"publish","type":"page","link":"https:\/\/www.vbm-medical.de\/fr\/entreprise\/qualite\/","title":{"rendered":"Qualit\u00e9"},"content":{"rendered":"<p>[et_pb_section fb_built=\"1\" admin_label=\"Section\" _builder_version=\"4.16\" _module_preset=\"default\" background_color=\"#f2f2f3\" background_color_gradient_start=\"#f2f2f3\" background_color_gradient_end=\"rgba(255,255,255,0)\" background_image=\"https:\/\/www.vbm-medical.de\/wp-content\/uploads\/2021\/11\/PIC01824_Qualitaetsmanagement_Hero_001_Hero.webp\" background_enable_image=\"on\" background_enable_video_mp4=\"off\" min_height=\"528px\" min_height_tablet=\"278px\" min_height_phone=\"128px\" min_height_last_edited=\"on|phone\" custom_margin=\"0px||80px||false|false\" custom_margin_tablet=\"||16px||false|false\" custom_margin_phone=\"||16px||false|false\" parallax_phone=\"off\" da_disable_devices=\"off|off|off\" border_width_top=\"1px\" locked=\"off\" global_colors_info=\"{}\" background__hover_enabled=\"off|desktop\" da_is_popup=\"off\" da_exit_intent=\"off\" da_has_close=\"on\" da_alt_close=\"off\" da_dark_close=\"off\" da_not_modal=\"on\" da_is_singular=\"off\" da_with_loader=\"off\" da_has_shadow=\"on\"][et_pb_row _builder_version=\"4.16\" _module_preset=\"default\" global_colors_info=\"{}\"][et_pb_column type=\"4_4\" _builder_version=\"4.16\" _module_preset=\"default\" global_colors_info=\"{}\"][et_pb_image src=\"https:\/\/www.vbm-medical.de\/wp-content\/uploads\/2021\/11\/PIC01824_Qualitaetsmanagement_Hero_001_16zu9.webp\" title_text=\"PIC01824_Qualitaetsmanagement_Hero_001_16zu9\" disabled_on=\"off|off|on\" _builder_version=\"4.16\" _module_preset=\"default\" max_height=\"528px\" global_colors_info=\"{}\"][\/et_pb_image][\/et_pb_column][\/et_pb_row][\/et_pb_section][et_pb_section fb_built=\"1\" admin_label=\"Section\" _builder_version=\"4.16\" _module_preset=\"default\" custom_margin=\"||200px||false|false\" custom_margin_tablet=\"||112px||false|false\" custom_margin_phone=\"||112px||false|false\" da_disable_devices=\"off|off|off\" locked=\"off\" global_colors_info=\"{}\" da_is_popup=\"off\" da_exit_intent=\"off\" da_has_close=\"on\" da_alt_close=\"off\" da_dark_close=\"off\" da_not_modal=\"on\" da_is_singular=\"off\" da_with_loader=\"off\" da_has_shadow=\"on\"][et_pb_row column_structure=\"1_2,1_2\" _builder_version=\"4.27.4\" _module_preset=\"default\" global_colors_info=\"{}\"][et_pb_column type=\"1_2\" _builder_version=\"4.27.4\" _module_preset=\"default\" global_colors_info=\"{}\"][et_pb_text disabled_on=\"off|off|off\" _builder_version=\"4.27.4\" _module_preset=\"default\" header_line_height=\"1.2em\" header_5_font=\"Barlow Semi Condensed|300|||||||\" header_5_font_size=\"20px\" header_5_line_height=\"1.5em\" custom_padding=\"0px|0px|43px|0px|false|false\" custom_padding_tablet=\"|0px|43px|0px|false|false\" custom_padding_phone=\"0px|0px|43px|0px|false|false\" hover_enabled=\"0\" global_colors_info=\"{}\" sticky_enabled=\"0\"]<\/p>\n<h1><span style=\"color: #009ee3;\">Gestion de qualit\u00e9<\/span><\/h1>\n<p>[\/et_pb_text][et_pb_text module_class=\"vbm-bullet\" _builder_version=\"4.27.4\" _module_preset=\"default\" custom_margin=\"0px|0px|43px|0px|false|false\" hover_enabled=\"0\" global_colors_info=\"{}\" sticky_enabled=\"0\"]Notre syst\u00e8me de gestion de la qualit\u00e9 est certifi\u00e9 selon la norme DIN EN ISO 13485 et MDSAP (exigences des autorit\u00e9s r\u00e9glementaires Australie TGA, Brasilia ANVISA, Sant\u00e9 Canada, USA FDA, Japon MHLW\/PMDA).<\/p>\n<p>Le point central de notre syst\u00e8me de gestion de la qualit\u00e9 est l'exigence de qualit\u00e9 \u00e9lev\u00e9e concernant la performance et la s\u00e9curit\u00e9 de nos produits et la satisfaction de nos clients.[\/et_pb_text][et_pb_button button_url=\"https:\/\/www.vbm-medical.de\/fr\/telechargements\/certificats\/\" button_text=\"Certificats VBM\" _builder_version=\"4.27.4\" _module_preset=\"default\" custom_margin=\"0px||43px||false|false\" hover_enabled=\"0\" global_colors_info=\"{}\" sticky_enabled=\"0\"][\/et_pb_button][et_pb_text module_class=\"vbm-bullet\" _builder_version=\"4.27.4\" _module_preset=\"default\" hover_enabled=\"0\" global_colors_info=\"{}\" sticky_enabled=\"0\"]<\/p>\n<h3>\u00c9tendue du syst\u00e8me de gestion de la qualit\u00e9 de VBM<br \/>\n<\/h3>\n<p>[\/et_pb_text][et_pb_text module_class=\"vbm-bullet\" _builder_version=\"4.16\" _module_preset=\"default\" global_colors_info=\"{}\"]<\/p>\n<ul>\n<li>ISO 13485:2016<\/li>\n<li>Medical Device Regulation (EU) 2017\/745<\/li>\n<li>USA: 21 CFR Part 820 \u2013 Quality System Regulation<\/li>\n<li>Canada: Medical Device Regulations<\/li>\n<li>Brazil: ANVISA \u2013 Good Manufacturing Practices<\/li>\n<li>Australia: Therapeutic Goods Regulations<\/li>\n<li>Japan: MHLW, PMD Act<\/li>\n<li>Korea: Good Manufacturing Practices<\/li>\n<li>Taiwan: Good Manufacturing Practices<\/li>\n<li>Medical Device Directive 93\/42\/EEC<\/li>\n<\/ul>\n<p>[\/et_pb_text][\/et_pb_column][et_pb_column type=\"1_2\" _builder_version=\"4.27.4\" _module_preset=\"default\" global_colors_info=\"{}\"][et_pb_text disabled_on=\"off|off|off\" _builder_version=\"4.27.4\" _module_preset=\"default\" header_line_height=\"1.2em\" header_5_font=\"Barlow Semi Condensed|300|||||||\" header_5_font_size=\"20px\" header_5_line_height=\"1.5em\" custom_padding=\"0px|0px|43px|0px|false|false\" custom_padding_tablet=\"|0px|43px|0px|false|false\" custom_padding_phone=\"0px|0px|43px|0px|false|false\" hover_enabled=\"0\" global_colors_info=\"{}\" sticky_enabled=\"0\"]<\/p>\n<h1><span style=\"color: #009ee3;\">Politique de qualit\u00e9<\/span><\/h1>\n<p>[\/et_pb_text][et_pb_text module_class=\"vbm-bullet\" _builder_version=\"4.27.4\" _module_preset=\"default\" custom_margin=\"0px|0px|43px|0px|false|false\" hover_enabled=\"0\" global_colors_info=\"{}\" sticky_enabled=\"0\"]Nous proposons des produits m\u00e9dicaux d'excellente qualit\u00e9 dans les domaines de l\u2018Airway Management, des Accessoires pour l\u00b4Anesth\u00e9sie & les Soins Intensifs et des Syst\u00e8mes de Garrots, en adh\u00e9rant aux normes internationales, en satisfaisant aux exigences de maintien de l'efficacit\u00e9 du syst\u00e8me de gestion de la qualit\u00e9 et en collaborant \u00e9troitement avec nos clients. Notre culture d'entreprise est la base d'un personnel motiv\u00e9 et qualifi\u00e9. Notre syst\u00e8me de gestion de la qualit\u00e9 repose sur des processus efficaces, partag\u00e9s et compris par notre personnel.<\/p>\n<p>Gr\u00e2ce \u00e0 une gestion d'entreprise durable, nous favorisons la sant\u00e9 et la qualit\u00e9 de vie \u00e0 long terme et ouvrons la voie \u00e0 un avenir respectueux de l'environnement.[\/et_pb_text][\/et_pb_column][\/et_pb_row][\/et_pb_section][et_pb_section fb_built=\"1\" _builder_version=\"4.16\" _module_preset=\"default\" module_alignment=\"left\" custom_margin=\"||8px||false|false\" custom_margin_tablet=\"||7px||false|false\" custom_margin_phone=\"||8px||false|false\" da_disable_devices=\"off|off|off\" global_colors_info=\"{}\" da_is_popup=\"off\" da_exit_intent=\"off\" da_has_close=\"on\" da_alt_close=\"off\" da_dark_close=\"off\" da_not_modal=\"on\" da_is_singular=\"off\" da_with_loader=\"off\" da_has_shadow=\"on\"][et_pb_row _builder_version=\"4.16\" _module_preset=\"default\" global_colors_info=\"{}\"][et_pb_column type=\"4_4\" _builder_version=\"4.16\" _module_preset=\"default\" global_colors_info=\"{}\"][et_pb_text _builder_version=\"4.27.4\" _module_preset=\"default\" text_font_size=\"0.8em\" hover_enabled=\"0\" text_font_size_tablet=\"0.8em\" text_font_size_phone=\"0.8em\" global_colors_info=\"{}\" sticky_enabled=\"0\"]WEB001_PID-00-02-02_AB_FR[\/et_pb_text][\/et_pb_column][\/et_pb_row][\/et_pb_section]<\/p>\n","protected":false},"excerpt":{"rendered":"<p>Gestion de qualit\u00e9Notre syst\u00e8me de gestion de la qualit\u00e9 est certifi\u00e9 selon la norme DIN EN ISO 13485 et MDSAP (exigences des autorit\u00e9s r\u00e9glementaires Australie TGA, Brasilia ANVISA, Sant\u00e9 Canada, USA FDA, Japon MHLW\/PMDA). Le point central de notre syst\u00e8me de gestion de la qualit\u00e9 est l'exigence de qualit\u00e9 \u00e9lev\u00e9e concernant la performance et la [&hellip;]<\/p>\n","protected":false},"author":5,"featured_media":0,"parent":265439,"menu_order":0,"comment_status":"closed","ping_status":"closed","template":"","meta":{"_et_pb_use_builder":"on","_et_pb_old_content":"[et_pb_section fb_built=\"1\" admin_label=\"Section\" _builder_version=\"4.16\" _module_preset=\"default\" background_color=\"#f2f2f3\" background_color_gradient_start=\"#f2f2f3\" background_color_gradient_end=\"rgba(255,255,255,0)\" background_image=\"https:\/\/www.vbm-medical.de\/wp-content\/uploads\/2021\/11\/PIC01824_Qualitaetsmanagement_Hero_001_Hero.webp\" background_enable_image=\"on\" background_enable_video_mp4=\"off\" min_height=\"528px\" min_height_tablet=\"278px\" min_height_phone=\"128px\" min_height_last_edited=\"on|phone\" custom_margin=\"0px||80px||false|false\" custom_margin_tablet=\"||16px||false|false\" custom_margin_phone=\"||16px||false|false\" parallax_phone=\"off\" da_disable_devices=\"off|off|off\" border_width_top=\"1px\" locked=\"off\" global_colors_info=\"{}\" background__hover_enabled=\"off|desktop\" da_is_popup=\"off\" da_exit_intent=\"off\" da_has_close=\"on\" da_alt_close=\"off\" da_dark_close=\"off\" da_not_modal=\"on\" da_is_singular=\"off\" da_with_loader=\"off\" da_has_shadow=\"on\"][et_pb_row _builder_version=\"4.16\" _module_preset=\"default\" global_colors_info=\"{}\"][et_pb_column type=\"4_4\" _builder_version=\"4.16\" _module_preset=\"default\" global_colors_info=\"{}\"][et_pb_image src=\"https:\/\/www.vbm-medical.de\/wp-content\/uploads\/2021\/11\/PIC01824_Qualitaetsmanagement_Hero_001_16zu9.webp\" title_text=\"PIC01824_Qualitaetsmanagement_Hero_001_16zu9\" disabled_on=\"off|off|on\" _builder_version=\"4.16\" _module_preset=\"default\" max_height=\"528px\" global_colors_info=\"{}\"][\/et_pb_image][\/et_pb_column][\/et_pb_row][\/et_pb_section][et_pb_section fb_built=\"1\" admin_label=\"Section\" _builder_version=\"4.16\" _module_preset=\"default\" custom_margin=\"||200px||false|false\" custom_margin_tablet=\"||112px||false|false\" custom_margin_phone=\"||112px||false|false\" da_disable_devices=\"off|off|off\" locked=\"off\" global_colors_info=\"{}\" da_is_popup=\"off\" da_exit_intent=\"off\" da_has_close=\"on\" da_alt_close=\"off\" da_dark_close=\"off\" da_not_modal=\"on\" da_is_singular=\"off\" da_with_loader=\"off\" da_has_shadow=\"on\"][et_pb_row column_structure=\"1_2,1_2\" _builder_version=\"4.27.4\" _module_preset=\"default\" global_colors_info=\"{}\"][et_pb_column type=\"1_2\" _builder_version=\"4.27.4\" _module_preset=\"default\" global_colors_info=\"{}\"][et_pb_text disabled_on=\"off|off|off\" _builder_version=\"4.16\" _module_preset=\"default\" header_line_height=\"1.2em\" header_5_font=\"Barlow Semi Condensed|300|||||||\" header_5_font_size=\"20px\" header_5_line_height=\"1.5em\" custom_padding=\"0px|0px|43px|0px|false|false\" custom_padding_tablet=\"|0px|43px|0px|false|false\" custom_padding_phone=\"0px|0px|43px|0px|false|false\" global_colors_info=\"{}\"]\n<h1><span style=\"color: #009ee3;\">Qualit\u00e4tsmanagement<\/span><\/h1>\n[\/et_pb_text][et_pb_text module_class=\"vbm-bullet\" _builder_version=\"4.16\" _module_preset=\"default\" custom_margin=\"0px|0px|43px|0px|false|false\" global_colors_info=\"{}\"]\n\nWir verf\u00fcgen \u00fcber ein Qualit\u00e4tsmanagementsystem, welches nach DIN EN ISO 13485 und nach MDSAP, gem\u00e4\u00df den Anforderungen der Regulierungsbeh\u00f6rden Australien TGA, Brasilien ANVISA, Health Canada, USA FDA, Japan MHLW \/PMDA \u00a0zertifiziert ist.\n\nIm Mittelpunkt unseres Qualit\u00e4tsmanagementsystems steht der hohe Qualit\u00e4tsanspruch an die Leistung und Sicherheit unserer Produkte und die Zufriedenheit unserer Kunden.\n\n[\/et_pb_text][et_pb_button button_url=\"https:\/\/www.vbm-medical.de\/download\/zertifikate\/\" button_text=\"VBM Zertifikate\" _builder_version=\"4.16\" _module_preset=\"default\" custom_margin=\"0px||43px||false|false\" global_colors_info=\"{}\"][\/et_pb_button][et_pb_text module_class=\"vbm-bullet\" _builder_version=\"4.16\" _module_preset=\"default\" global_colors_info=\"{}\"]\n<h3>Geltungsbereich des VBM Qualit\u00e4tsmanagement Systems<\/h3>\n[\/et_pb_text][et_pb_text module_class=\"vbm-bullet\" _builder_version=\"4.16\" _module_preset=\"default\" global_colors_info=\"{}\"]\n<ul>\n \t<li>ISO 13485:2016<\/li>\n \t<li>Medical Device Regulation (EU) 2017\/745<\/li>\n \t<li>USA: 21 CFR Part 820 \u2013 Quality System Regulation<\/li>\n \t<li>Canada: Medical Device Regulations<\/li>\n \t<li>Brazil: ANVISA \u2013 Good Manufacturing Practices<\/li>\n \t<li>Australia: Therapeutic Goods Regulations<\/li>\n \t<li>Japan: MHLW, PMD Act<\/li>\n \t<li>Korea: Good Manufacturing Practices<\/li>\n \t<li>Taiwan: Good Manufacturing Practices<\/li>\n \t<li>Medical Device Directive 93\/42\/EEC<\/li>\n<\/ul>\n[\/et_pb_text][\/et_pb_column][et_pb_column type=\"1_2\" _builder_version=\"4.27.4\" _module_preset=\"default\" global_colors_info=\"{}\"][et_pb_text disabled_on=\"off|off|off\" _builder_version=\"4.27.4\" _module_preset=\"default\" header_line_height=\"1.2em\" header_5_font=\"Barlow Semi Condensed|300|||||||\" header_5_font_size=\"20px\" header_5_line_height=\"1.5em\" custom_padding=\"0px|0px|43px|0px|false|false\" custom_padding_tablet=\"|0px|43px|0px|false|false\" custom_padding_phone=\"0px|0px|43px|0px|false|false\" global_colors_info=\"{}\"]\n<h1><span style=\"color: #009ee3;\">Qualit\u00e4tspolitik<\/span><\/h1>\n[\/et_pb_text][et_pb_text module_class=\"vbm-bullet\" _builder_version=\"4.27.4\" _module_preset=\"default\" custom_margin=\"0px|0px|43px|0px|false|false\" global_colors_info=\"{}\"]Wir bieten ausgezeichnete Produktqualit\u00e4t f\u00fcr Produkte im Bereich des Airway Managements, Zubeh\u00f6r f\u00fcr die An\u00e4sthesie und Intensivpflege und Tourniquets durch Einhaltung internationaler Standards, Erf\u00fcllung der Anforderungen zur Aufrechterhaltung der Wirksamkeit des Qualit\u00e4tsmanagementsystems und enge Zusammenarbeit mit unseren Kunden. Unsere Unternehmenskultur ist die Basis f\u00fcr motivierte und qualifizierte Mitarbeiter. Unser Qualit\u00e4tsmanagementsystem basiert auf effektiven Prozessen, die von unseren Mitarbeitern verstanden und gelebt werden.\n\nDurch eine nachhaltige Unternehmensf\u00fchrung f\u00f6rdern wir langfristig Gesundheit und Lebensqualit\u00e4t und ebnen den Weg in eine umweltgerechte Zukunft.[\/et_pb_text][\/et_pb_column][\/et_pb_row][\/et_pb_section][et_pb_section fb_built=\"1\" _builder_version=\"4.16\" _module_preset=\"default\" module_alignment=\"left\" custom_margin=\"||8px||false|false\" custom_margin_tablet=\"||7px||false|false\" custom_margin_phone=\"||8px||false|false\" da_disable_devices=\"off|off|off\" global_colors_info=\"{}\" da_is_popup=\"off\" da_exit_intent=\"off\" da_has_close=\"on\" da_alt_close=\"off\" da_dark_close=\"off\" da_not_modal=\"on\" da_is_singular=\"off\" da_with_loader=\"off\" da_has_shadow=\"on\"][et_pb_row _builder_version=\"4.16\" _module_preset=\"default\" global_colors_info=\"{}\"][et_pb_column type=\"4_4\" _builder_version=\"4.16\" _module_preset=\"default\" global_colors_info=\"{}\"][et_pb_text _builder_version=\"4.27.4\" _module_preset=\"default\" text_font_size=\"0.8em\" text_font_size_tablet=\"0.8em\" text_font_size_phone=\"0.8em\" global_colors_info=\"{}\"]\n\nWEB001_PID-00-02-02_AB_DE\n\n[\/et_pb_text][\/et_pb_column][\/et_pb_row][\/et_pb_section]","_et_gb_content_width":"","footnotes":""},"tags":[],"class_list":["post-279077","page","type-page","status-publish","hentry"],"_links":{"self":[{"href":"https:\/\/www.vbm-medical.de\/fr\/wp-json\/wp\/v2\/pages\/279077","targetHints":{"allow":["GET"]}}],"collection":[{"href":"https:\/\/www.vbm-medical.de\/fr\/wp-json\/wp\/v2\/pages"}],"about":[{"href":"https:\/\/www.vbm-medical.de\/fr\/wp-json\/wp\/v2\/types\/page"}],"author":[{"embeddable":true,"href":"https:\/\/www.vbm-medical.de\/fr\/wp-json\/wp\/v2\/users\/5"}],"replies":[{"embeddable":true,"href":"https:\/\/www.vbm-medical.de\/fr\/wp-json\/wp\/v2\/comments?post=279077"}],"version-history":[{"count":5,"href":"https:\/\/www.vbm-medical.de\/fr\/wp-json\/wp\/v2\/pages\/279077\/revisions"}],"predecessor-version":[{"id":279089,"href":"https:\/\/www.vbm-medical.de\/fr\/wp-json\/wp\/v2\/pages\/279077\/revisions\/279089"}],"up":[{"embeddable":true,"href":"https:\/\/www.vbm-medical.de\/fr\/wp-json\/wp\/v2\/pages\/265439"}],"wp:attachment":[{"href":"https:\/\/www.vbm-medical.de\/fr\/wp-json\/wp\/v2\/media?parent=279077"}],"wp:term":[{"taxonomy":"post_tag","embeddable":true,"href":"https:\/\/www.vbm-medical.de\/fr\/wp-json\/wp\/v2\/tags?post=279077"}],"curies":[{"name":"wp","href":"https:\/\/api.w.org\/{rel}","templated":true}]}}