{"id":267159,"date":"2022-03-28T13:27:38","date_gmt":"2022-03-28T11:27:38","guid":{"rendered":"https:\/\/www.vbm-medical.de\/coordonnes\/plan-dacces\/"},"modified":"2022-04-27T15:00:09","modified_gmt":"2022-04-27T13:00:09","slug":"plan-dacces","status":"publish","type":"page","link":"https:\/\/www.vbm-medical.de\/fr\/coordonnees\/plan-dacces\/","title":{"rendered":"Plan d'acc\u00e8s"},"content":{"rendered":"<p>[et_pb_section fb_built=\"1\" admin_label=\"Section\" _builder_version=\"4.16\" _module_preset=\"default\" background_color=\"#f2f2f3\" background_color_gradient_start=\"#f2f2f3\" background_color_gradient_end=\"rgba(255,255,255,0)\" background_image=\"https:\/\/www.vbm-medical.de\/wp-content\/uploads\/2021\/12\/PIC01XXX_MapSulz_001_Hero.webp\" background_enable_image=\"on\" background_enable_video_mp4=\"off\" min_height=\"528px\" min_height_tablet=\"278px\" min_height_phone=\"128px\" min_height_last_edited=\"on|phone\" custom_margin=\"0px||80px||false|false\" custom_margin_tablet=\"||16px||false|false\" custom_margin_phone=\"||16px||false|false\" parallax_phone=\"off\" da_disable_devices=\"off|off|off\" border_width_top=\"1px\" locked=\"off\" global_colors_info=\"{}\" background__hover_enabled=\"on|desktop\" da_is_popup=\"off\" da_exit_intent=\"off\" da_has_close=\"on\" da_alt_close=\"off\" da_dark_close=\"off\" da_not_modal=\"on\" da_is_singular=\"off\" da_with_loader=\"off\" da_has_shadow=\"on\"][et_pb_row _builder_version=\"4.16\" _module_preset=\"default\" global_colors_info=\"{}\"][et_pb_column type=\"4_4\" _builder_version=\"4.16\" _module_preset=\"default\" global_colors_info=\"{}\"][et_pb_image src=\"https:\/\/www.vbm-medical.de\/wp-content\/uploads\/2021\/12\/PIC01XXX_MapSulz_001_169.webp\" title_text=\"PIC01XXX_MapSulz_001_169\" disabled_on=\"off|off|on\" _builder_version=\"4.16\" _module_preset=\"default\" max_height=\"528px\" global_colors_info=\"{}\"][\/et_pb_image][\/et_pb_column][\/et_pb_row][\/et_pb_section][et_pb_section fb_built=\"1\" admin_label=\"Section\" _builder_version=\"4.16\" _module_preset=\"default\" custom_margin=\"||43px||false|false\" da_disable_devices=\"off|off|off\" locked=\"off\" global_colors_info=\"{}\" da_is_popup=\"off\" da_exit_intent=\"off\" da_has_close=\"on\" da_alt_close=\"off\" da_dark_close=\"off\" da_not_modal=\"on\" da_is_singular=\"off\" da_with_loader=\"off\" da_has_shadow=\"on\"][et_pb_row _builder_version=\"4.16\" _module_preset=\"default\" background_color=\"RGBA(0,0,0,0)\" width_tablet=\"\" width_phone=\"\" width_last_edited=\"on|phone\" custom_margin=\"||0px||false|false\" custom_margin_tablet=\"||0px||false|false\" custom_margin_phone=\"||0px||false|false\" custom_margin_last_edited=\"on|phone\" custom_padding=\"|0px||0px|false|false\" global_colors_info=\"{}\" custom_padding__hover_enabled=\"off|desktop\"][et_pb_column type=\"4_4\" _builder_version=\"4.16\" _module_preset=\"default\" global_colors_info=\"{}\"][et_pb_text disabled_on=\"off|off|off\" _builder_version=\"4.16\" _module_preset=\"default\" header_line_height=\"1.2em\" header_5_font=\"Barlow Semi Condensed|300|||||||\" header_5_font_size=\"20px\" header_5_line_height=\"1.5em\" global_colors_info=\"{}\"]<\/p>\n<h1>Votre route vers<span style=\"color: #009ee3;\"> VBM<\/span><\/h1>\n<p>[\/et_pb_text][\/et_pb_column][\/et_pb_row][\/et_pb_section][et_pb_section fb_built=\"1\" admin_label=\"VBM_SecHeadline\" _builder_version=\"4.16\" _module_preset=\"default\" custom_margin=\"0px|0px|200px|0px|false|false\" custom_margin_tablet=\"0px|0px|112px|0px|false|false\" custom_margin_phone=\"0px|0px|112px|0px|false|false\" scroll_fade_enable=\"on\" da_disable_devices=\"off|off|off\" saved_tabs=\"all\" locked=\"off\" global_colors_info=\"{}\" da_is_popup=\"off\" da_exit_intent=\"off\" da_has_close=\"on\" da_alt_close=\"off\" da_dark_close=\"off\" da_not_modal=\"on\" da_is_singular=\"off\" da_with_loader=\"off\" da_has_shadow=\"on\"][et_pb_row column_structure=\"1_3,2_3\" make_equal=\"off\" _builder_version=\"4.17.3\" _module_preset=\"default\" custom_margin=\"||43px||false|false\" custom_margin_tablet=\"||43px||false|false\" custom_margin_phone=\"||43px||false|false\" custom_margin_last_edited=\"on|phone\" locked=\"off\" global_colors_info=\"{}\"][et_pb_column type=\"1_3\" _builder_version=\"4.16\" _module_preset=\"default\" background_color=\"#f2f2f3\" custom_padding=\"0px|0px|0px|0px|false|false\" global_colors_info=\"{}\"][et_pb_text _builder_version=\"4.17.3\" _module_preset=\"default\" custom_padding=\"43px|48px|0px|48px|false|false\" custom_padding_tablet=\"|48px|43px|48px|false|false\" custom_padding_phone=\"43px|48px|43px|48px|false|false\" global_colors_info=\"{}\"]<\/p>\n<p><span style=\"font-weight: 500;\">Adresse<\/span><br \/><span>VBM Medizintechnik GmbH<\/span><br \/><span>Einsteinstrasse 1<\/span><br \/><span>72172 Sulz a. N.<\/span><br \/><span>Allemagne<\/span><\/p>\n<p>Tel.: +49 7454 9596-0<br \/>Fax: +49 7454 9596-33<br \/>e-mail:\u00a0<a href=\"mailto:sales@vbm-medical.de\">info@vbm-medical.de<\/a><br \/><a href=\"http:\/\/www.vbm-medical.de\">www.vbm-medical.de<\/a><\/p>\n<p>Les trains de la <a href=\"https:\/\/www.bahn.de\/\" target=\"_blank\" rel=\"noopener\">Deutsche Bahn<\/a> s'arr\u00eatent \u00e0 Sulz am Neckar. Depuis la gare de Sulz, vous pouvez nous rejoindre dans le quartier \u00ab Kastell \u00bb de Sulz en taxi (environ 5 minutes de trajet) ou en bus de ligne.<\/p>\n<p>Les a\u00e9roports de Stuttgart et de Zurich (Suisse) sont tous deux \u00e0 environ une heure de route de Sulz.<\/p>\n<p>&nbsp;<\/p>\n<p>[\/et_pb_text][et_pb_blurb url=\"https:\/\/media.vbm-medical.de\/cor\/COR_Anfahrtsbeschreibung_FR.pdf\" url_new_window=\"on\" use_icon=\"on\" font_icon=\"&#xf1c1;||fa||900\" icon_color=\"#656565\" icon_placement=\"left\" content_max_width=\"1100px\" admin_label=\"VBM_Certificate\" _builder_version=\"4.17.3\" _module_preset=\"default\" body_font=\"Barlow Semi Condensed||||||||\" body_text_color=\"#484847\" background_color=\"RGBA(255,255,255,0)\" image_icon_custom_margin=\"|||0px|false|false\" image_icon_custom_padding=\"|||0px|false|false\" custom_margin=\"0px||24px||false|false\" custom_padding=\"|48px|43px|48px|false|false\" link_option_url=\"https:\/\/media.vbm-medical.de\/cor\/COR_Anfahrtsbeschreibung_FR.pdf\" link_option_url_new_window=\"on\" custom_css_blurb_content=\"font-weight: 400;\" saved_tabs=\"all\" locked=\"off\" global_colors_info=\"{}\" transform_styles__hover_enabled=\"off|hover\" transform_scale__hover_enabled=\"off|hover\" transform_translate__hover_enabled=\"off|hover\" transform_rotate__hover_enabled=\"off|hover\" transform_skew__hover_enabled=\"off|hover\" transform_origin__hover_enabled=\"off|hover\" body_text_color__hover_enabled=\"off|desktop\" custom_css_blurb_image__hover_enabled=\"off|hover\" icon_color__hover_enabled=\"on|hover\" content__hover_enabled=\"off|desktop\" icon_color__hover=\"rgba(0,0,0,0.9)\" custom_css_blurb_content__hover_enabled=\"on|hover\" custom_css_blurb_content__hover=\"font-weight: 500;\"]T\u00e9l\u00e9charger le plan d'acc\u00e8s[\/et_pb_blurb][\/et_pb_column][et_pb_column type=\"2_3\" _builder_version=\"4.17.3\" _module_preset=\"default\" background_color=\"RGBA(255,255,255,0)\" custom_padding=\"0px|0px|0px|0px|false|false\" global_colors_info=\"{}\"][et_pb_image src=\"https:\/\/www.vbm-medical.de\/wp-content\/uploads\/2022\/04\/ILU0088_AnfahrtsskizzeVBM_FR_001-1.png\" title_text=\"ILU0088_AnfahrtsskizzeVBM_FR_001\" show_in_lightbox=\"on\" _builder_version=\"4.17.3\" _module_preset=\"default\" background_color=\"RGBA(255,255,255,0)\" hover_enabled=\"0\" global_colors_info=\"{}\" sticky_enabled=\"0\"][\/et_pb_image][\/et_pb_column][\/et_pb_row][\/et_pb_section][et_pb_section fb_built=\"1\" _builder_version=\"4.16\" _module_preset=\"default\" module_alignment=\"left\" custom_margin=\"||8px||false|false\" custom_margin_tablet=\"||7px||false|false\" custom_margin_phone=\"||8px||false|false\" da_disable_devices=\"off|off|off\" global_colors_info=\"{}\" da_is_popup=\"off\" da_exit_intent=\"off\" da_has_close=\"on\" da_alt_close=\"off\" da_dark_close=\"off\" da_not_modal=\"on\" da_is_singular=\"off\" da_with_loader=\"off\" da_has_shadow=\"on\"][et_pb_row _builder_version=\"4.16\" _module_preset=\"default\" global_colors_info=\"{}\"][et_pb_column type=\"4_4\" _builder_version=\"4.16\" _module_preset=\"default\" global_colors_info=\"{}\"][et_pb_text _builder_version=\"4.17.3\" _module_preset=\"default\" text_font_size=\"0.8em\" text_font_size_tablet=\"0.8em\" text_font_size_phone=\"0.8em\" global_colors_info=\"{}\"]<\/p>\n<p>WEB001_PID-01-05-04_1.0_FR<\/p>\n<p>[\/et_pb_text][\/et_pb_column][\/et_pb_row][\/et_pb_section]<\/p>\n","protected":false},"excerpt":{"rendered":"<p>Votre route vers VBMAdresseVBM Medizintechnik GmbHEinsteinstrasse 172172 Sulz a. N.Allemagne Tel.: +49 7454 9596-0Fax: +49 7454 9596-33e-mail:\u00a0info@vbm-medical.dewww.vbm-medical.de Les trains de la Deutsche Bahn s'arr\u00eatent \u00e0 Sulz am Neckar. Depuis la gare de Sulz, vous pouvez nous rejoindre dans le quartier \u00ab Kastell \u00bb de Sulz en taxi (environ 5 minutes de trajet) ou en bus [&hellip;]<\/p>\n","protected":false},"author":5,"featured_media":0,"parent":265410,"menu_order":4,"comment_status":"closed","ping_status":"closed","template":"","meta":{"_et_pb_use_builder":"on","_et_pb_old_content":"","_et_gb_content_width":"","footnotes":""},"tags":[],"class_list":["post-267159","page","type-page","status-publish","hentry"],"_links":{"self":[{"href":"https:\/\/www.vbm-medical.de\/fr\/wp-json\/wp\/v2\/pages\/267159","targetHints":{"allow":["GET"]}}],"collection":[{"href":"https:\/\/www.vbm-medical.de\/fr\/wp-json\/wp\/v2\/pages"}],"about":[{"href":"https:\/\/www.vbm-medical.de\/fr\/wp-json\/wp\/v2\/types\/page"}],"author":[{"embeddable":true,"href":"https:\/\/www.vbm-medical.de\/fr\/wp-json\/wp\/v2\/users\/5"}],"replies":[{"embeddable":true,"href":"https:\/\/www.vbm-medical.de\/fr\/wp-json\/wp\/v2\/comments?post=267159"}],"version-history":[{"count":6,"href":"https:\/\/www.vbm-medical.de\/fr\/wp-json\/wp\/v2\/pages\/267159\/revisions"}],"predecessor-version":[{"id":268014,"href":"https:\/\/www.vbm-medical.de\/fr\/wp-json\/wp\/v2\/pages\/267159\/revisions\/268014"}],"up":[{"embeddable":true,"href":"https:\/\/www.vbm-medical.de\/fr\/wp-json\/wp\/v2\/pages\/265410"}],"wp:attachment":[{"href":"https:\/\/www.vbm-medical.de\/fr\/wp-json\/wp\/v2\/media?parent=267159"}],"wp:term":[{"taxonomy":"post_tag","embeddable":true,"href":"https:\/\/www.vbm-medical.de\/fr\/wp-json\/wp\/v2\/tags?post=267159"}],"curies":[{"name":"wp","href":"https:\/\/api.w.org\/{rel}","templated":true}]}}