{"id":279064,"date":"2025-05-22T09:12:07","date_gmt":"2025-05-22T07:12:07","guid":{"rendered":"https:\/\/www.vbm-medical.de\/?page_id=279064"},"modified":"2025-05-22T10:44:29","modified_gmt":"2025-05-22T08:44:29","slug":"calidad","status":"publish","type":"page","link":"https:\/\/www.vbm-medical.de\/es\/empresa\/calidad\/","title":{"rendered":"Calidad"},"content":{"rendered":"<p>[et_pb_section fb_built=\"1\" admin_label=\"Section\" _builder_version=\"4.16\" _module_preset=\"_initial\" background_color=\"#f2f2f3\" background_color_gradient_start=\"#f2f2f3\" background_color_gradient_end=\"rgba(255,255,255,0)\" background_image=\"https:\/\/www.vbm-medical.de\/wp-content\/uploads\/2021\/11\/PIC01824_Qualitaetsmanagement_Hero_001_Hero.webp\" background_enable_image=\"on\" background_enable_video_mp4=\"off\" min_height=\"528px\" min_height_tablet=\"278px\" min_height_phone=\"128px\" min_height_last_edited=\"on|phone\" custom_margin=\"0px||80px||false|false\" custom_margin_tablet=\"||16px||false|false\" custom_margin_phone=\"||16px||false|false\" parallax_phone=\"off\" da_disable_devices=\"off|off|off\" border_width_top=\"1px\" locked=\"off\" global_colors_info=\"{}\" background__hover_enabled=\"off|desktop\" da_is_popup=\"off\" da_exit_intent=\"off\" da_has_close=\"on\" da_alt_close=\"off\" da_dark_close=\"off\" da_not_modal=\"on\" da_is_singular=\"off\" da_with_loader=\"off\" da_has_shadow=\"on\"][et_pb_row _builder_version=\"4.16\" _module_preset=\"_initial\" global_colors_info=\"{}\"][et_pb_column type=\"4_4\" _builder_version=\"4.16\" _module_preset=\"default\" global_colors_info=\"{}\"][et_pb_image src=\"https:\/\/www.vbm-medical.de\/wp-content\/uploads\/2021\/11\/PIC01824_Qualitaetsmanagement_Hero_001_16zu9.webp\" title_text=\"PIC01824_Qualitaetsmanagement_Hero_001_16zu9\" disabled_on=\"off|off|on\" _builder_version=\"4.16\" _module_preset=\"default\" max_height=\"528px\" global_colors_info=\"{}\"][\/et_pb_image][\/et_pb_column][\/et_pb_row][\/et_pb_section][et_pb_section fb_built=\"1\" admin_label=\"Section\" _builder_version=\"4.16\" _module_preset=\"_initial\" custom_margin=\"||200px||false|false\" custom_margin_tablet=\"||112px||false|false\" custom_margin_phone=\"||112px||false|false\" da_disable_devices=\"off|off|off\" locked=\"off\" global_colors_info=\"{}\" da_is_popup=\"off\" da_exit_intent=\"off\" da_has_close=\"on\" da_alt_close=\"off\" da_dark_close=\"off\" da_not_modal=\"on\" da_is_singular=\"off\" da_with_loader=\"off\" da_has_shadow=\"on\"][et_pb_row column_structure=\"1_2,1_2\" _builder_version=\"4.27.4\" _module_preset=\"_initial\" global_colors_info=\"{}\"][et_pb_column type=\"1_2\" _builder_version=\"4.27.4\" _module_preset=\"default\" global_colors_info=\"{}\"][et_pb_text disabled_on=\"off|off|off\" _builder_version=\"4.27.4\" _module_preset=\"_initial\" header_line_height=\"1.2em\" header_5_font=\"Barlow Semi Condensed|300|||||||\" header_5_font_size=\"20px\" header_5_line_height=\"1.5em\" custom_padding=\"0px|0px|43px|0px|false|false\" custom_padding_tablet=\"|0px|43px|0px|false|false\" custom_padding_phone=\"0px|0px|43px|0px|false|false\" global_colors_info=\"{}\"]<\/p>\n<h1><span style=\"color: #009ee3;\">Gesti\u00f3n de la calidad<\/span><\/h1>\n<p>[\/et_pb_text][et_pb_text module_class=\"vbm-bullet\" _builder_version=\"4.27.4\" _module_preset=\"_initial\" custom_margin=\"0px|0px|43px|0px|false|false\" global_colors_info=\"{}\"]<\/p>\n<p>Nuestro sistema de gesti\u00f3n de calidad est\u00e1 certificado seg\u00fan DIN EN ISO 13485 y MDSAP (requisitos de las autoridades reguladoras Australia TGA, Brasilia ANVISA, Health Canada, USA FDA, Japan MHLW\/PMDA).<\/p>\n<p>El punto central de nuestro sistema de gesti\u00f3n de calidad es el requisito de alta calidad con respecto al rendimiento y la seguridad de nuestros productos y la satisfacci\u00f3n de nuestros clientes.<\/p>\n<p>[\/et_pb_text][et_pb_button button_url=\"https:\/\/www.vbm-medical.de\/es\/descargas\/certificados\/\" button_text=\"VBM Certificados\" _builder_version=\"4.27.4\" _module_preset=\"_initial\" custom_margin=\"0px||43px||false|false\" global_colors_info=\"{}\"][\/et_pb_button][et_pb_text module_class=\"vbm-bullet\" _builder_version=\"4.27.4\" _module_preset=\"_initial\" global_colors_info=\"{}\"]<\/p>\n<h3>\u00c1mbito de aplicati\u00f3n de las gesti\u00f3n de calidad<\/h3>\n<p>[\/et_pb_text][et_pb_text module_class=\"vbm-bullet\" _builder_version=\"4.16\" _module_preset=\"_initial\" global_colors_info=\"{}\"]<\/p>\n<ul>\n<li>ISO 13485:2016<\/li>\n<li>Medical Device Regulation (EU) 2017\/745<\/li>\n<li>USA: 21 CFR Part 820 \u2013 Quality System Regulation<\/li>\n<li>Canada: Medical Device Regulations<\/li>\n<li>Brazil: ANVISA \u2013 Good Manufacturing Practices<\/li>\n<li>Australia: Therapeutic Goods Regulations<\/li>\n<li>Japan: MHLW, PMD Act<\/li>\n<li>Korea: Good Manufacturing Practices<\/li>\n<li>Taiwan: Good Manufacturing Practices<\/li>\n<li>Medical Device Directive 93\/42\/EEC<\/li>\n<\/ul>\n<p>[\/et_pb_text][\/et_pb_column][et_pb_column type=\"1_2\" _builder_version=\"4.27.4\" _module_preset=\"default\" global_colors_info=\"{}\"][et_pb_text disabled_on=\"off|off|off\" _builder_version=\"4.27.4\" _module_preset=\"_initial\" header_line_height=\"1.2em\" header_5_font=\"Barlow Semi Condensed|300|||||||\" header_5_font_size=\"20px\" header_5_line_height=\"1.5em\" custom_padding=\"0px|0px|43px|0px|false|false\" custom_padding_tablet=\"|0px|43px|0px|false|false\" custom_padding_phone=\"0px|0px|43px|0px|false|false\" global_colors_info=\"{}\"]<\/p>\n<h1><span style=\"color: #009ee3;\">Pol\u00edtica de calidad<\/span><\/h1>\n<p>[\/et_pb_text][et_pb_text module_class=\"vbm-bullet\" _builder_version=\"4.27.4\" _module_preset=\"_initial\" custom_margin=\"0px|0px|43px|0px|false|false\" global_colors_info=\"{}\"]Proporcionamos una excelente calidad de los productos m\u00e9dicos en las \u00e1reas de Manejo de la V\u00eda A\u00e9rea, Accesorios para Anestesia & Cuidados Intensivos y Sistemas de Torniquetes, mediante la adhesi\u00f3n a las normas internacionales, el cumplimiento de los requisitos para mantener la eficacia del sistema de gesti\u00f3n de la calidad y una estrecha colaboraci\u00f3n con nuestros clientes. Nuestra cultura empresarial es la base de unos empleados motivados y cualificados. Nuestro sistema de gesti\u00f3n de la calidad se basa en procesos eficaces, compartidos y comprendidos por nuestro personal.<\/p>\n<p>Mediante una gesti\u00f3n empresarial sostenible, promovemos la salud y la calidad de vida a largo plazo y allanamos el camino hacia un futuro respetuoso con el medio ambiente.[\/et_pb_text][\/et_pb_column][\/et_pb_row][\/et_pb_section][et_pb_section fb_built=\"1\" _builder_version=\"4.16\" _module_preset=\"_initial\" module_alignment=\"left\" custom_margin=\"||8px||false|false\" custom_margin_tablet=\"||7px||false|false\" custom_margin_phone=\"||8px||false|false\" da_disable_devices=\"off|off|off\" global_colors_info=\"{}\" da_is_popup=\"off\" da_exit_intent=\"off\" da_has_close=\"on\" da_alt_close=\"off\" da_dark_close=\"off\" da_not_modal=\"on\" da_is_singular=\"off\" da_with_loader=\"off\" da_has_shadow=\"on\"][et_pb_row _builder_version=\"4.16\" _module_preset=\"_initial\" global_colors_info=\"{}\"][et_pb_column type=\"4_4\" _builder_version=\"4.16\" _module_preset=\"default\" global_colors_info=\"{}\"][et_pb_text _builder_version=\"4.27.4\" _module_preset=\"_initial\" text_font_size=\"0.8em\" text_font_size_tablet=\"0.8em\" text_font_size_phone=\"0.8em\" global_colors_info=\"{}\"]<\/p>\n<p>WEB001_PID-00-02-02_AB_ES<\/p>\n<p>[\/et_pb_text][\/et_pb_column][\/et_pb_row][\/et_pb_section]<\/p>\n","protected":false},"excerpt":{"rendered":"<p>Gesti\u00f3n de la calidadNuestro sistema de gesti\u00f3n de calidad est\u00e1 certificado seg\u00fan DIN EN ISO 13485 y MDSAP (requisitos de las autoridades reguladoras Australia TGA, Brasilia ANVISA, Health Canada, USA FDA, Japan MHLW\/PMDA). El punto central de nuestro sistema de gesti\u00f3n de calidad es el requisito de alta calidad con respecto al rendimiento y la [&hellip;]<\/p>\n","protected":false},"author":5,"featured_media":0,"parent":264371,"menu_order":0,"comment_status":"closed","ping_status":"closed","template":"","meta":{"_et_pb_use_builder":"on","_et_pb_old_content":"","_et_gb_content_width":"","footnotes":""},"tags":[],"class_list":["post-279064","page","type-page","status-publish","hentry"],"_links":{"self":[{"href":"https:\/\/www.vbm-medical.de\/es\/wp-json\/wp\/v2\/pages\/279064","targetHints":{"allow":["GET"]}}],"collection":[{"href":"https:\/\/www.vbm-medical.de\/es\/wp-json\/wp\/v2\/pages"}],"about":[{"href":"https:\/\/www.vbm-medical.de\/es\/wp-json\/wp\/v2\/types\/page"}],"author":[{"embeddable":true,"href":"https:\/\/www.vbm-medical.de\/es\/wp-json\/wp\/v2\/users\/5"}],"replies":[{"embeddable":true,"href":"https:\/\/www.vbm-medical.de\/es\/wp-json\/wp\/v2\/comments?post=279064"}],"version-history":[{"count":5,"href":"https:\/\/www.vbm-medical.de\/es\/wp-json\/wp\/v2\/pages\/279064\/revisions"}],"predecessor-version":[{"id":279074,"href":"https:\/\/www.vbm-medical.de\/es\/wp-json\/wp\/v2\/pages\/279064\/revisions\/279074"}],"up":[{"embeddable":true,"href":"https:\/\/www.vbm-medical.de\/es\/wp-json\/wp\/v2\/pages\/264371"}],"wp:attachment":[{"href":"https:\/\/www.vbm-medical.de\/es\/wp-json\/wp\/v2\/media?parent=279064"}],"wp:term":[{"taxonomy":"post_tag","embeddable":true,"href":"https:\/\/www.vbm-medical.de\/es\/wp-json\/wp\/v2\/tags?post=279064"}],"curies":[{"name":"wp","href":"https:\/\/api.w.org\/{rel}","templated":true}]}}