{"id":266104,"date":"2022-03-09T11:57:00","date_gmt":"2022-03-09T10:57:00","guid":{"rendered":"https:\/\/www.vbm-medical.de\/?page_id=266104"},"modified":"2023-04-17T13:54:11","modified_gmt":"2023-04-17T11:54:11","slug":"notificacion-de-incidentes","status":"publish","type":"page","link":"https:\/\/www.vbm-medical.de\/es\/contacto\/notificacion-de-incidentes\/","title":{"rendered":"Notificaci\u00f3n de incidentes"},"content":{"rendered":"<p>[et_pb_section fb_built=\"1\" admin_label=\"Section\" _builder_version=\"4.16\" _module_preset=\"default\" background_color=\"RGBA(255,255,255,0)\" background_color_gradient_direction=\"14deg\" background_color_gradient_start=\"#f2f2f3\" background_color_gradient_end=\"#f9f9f9\" background_image=\"https:\/\/www.vbm-medical.de\/wp-content\/uploads\/2021\/12\/PIC01826_ResponsiblePerson_MockupHero_001_Hero.webp\" background_enable_image=\"on\" background_enable_video_mp4=\"off\" min_height=\"528px\" min_height_tablet=\"278px\" min_height_phone=\"128px\" min_height_last_edited=\"on|phone\" custom_margin=\"0px||80px||false|false\" custom_margin_tablet=\"||16px||false|false\" custom_margin_phone=\"||16px||false|false\" parallax_phone=\"off\" da_disable_devices=\"off|off|off\" border_width_top=\"1px\" locked=\"off\" global_colors_info=\"{}\" background__hover_enabled=\"off|desktop\" da_is_popup=\"off\" da_exit_intent=\"off\" da_has_close=\"on\" da_alt_close=\"off\" da_dark_close=\"off\" da_not_modal=\"on\" da_is_singular=\"off\" da_with_loader=\"off\" da_has_shadow=\"on\"][et_pb_row _builder_version=\"4.16\" _module_preset=\"default\" global_colors_info=\"{}\"][et_pb_column type=\"4_4\" _builder_version=\"4.16\" _module_preset=\"default\" global_colors_info=\"{}\"][et_pb_image src=\"https:\/\/www.vbm-medical.de\/wp-content\/uploads\/2021\/12\/PIC01826_ResponsiblePerson_MockupHero_001_16zu9.webp\" title_text=\"PIC01826_ResponsiblePerson_MockupHero_001_16zu9\" disabled_on=\"off|off|on\" _builder_version=\"4.16\" _module_preset=\"default\" max_height=\"528px\" global_colors_info=\"{}\"][\/et_pb_image][\/et_pb_column][\/et_pb_row][\/et_pb_section][et_pb_section fb_built=\"1\" admin_label=\"Section\" _builder_version=\"4.20.2\" _module_preset=\"default\" custom_margin=\"||43px||false|false\" da_disable_devices=\"off|off|off\" locked=\"off\" global_colors_info=\"{}\" da_is_popup=\"off\" da_exit_intent=\"off\" da_has_close=\"on\" da_alt_close=\"off\" da_dark_close=\"off\" da_not_modal=\"on\" da_is_singular=\"off\" da_with_loader=\"off\" da_has_shadow=\"on\"][et_pb_row _builder_version=\"4.16\" _module_preset=\"default\" background_color=\"RGBA(0,0,0,0)\" width_tablet=\"\" width_phone=\"\" width_last_edited=\"on|phone\" custom_margin=\"||0px||false|false\" custom_margin_tablet=\"||0px||false|false\" custom_margin_phone=\"||0px||false|false\" custom_margin_last_edited=\"on|phone\" custom_padding=\"|0px||0px|false|false\" global_colors_info=\"{}\" custom_padding__hover_enabled=\"off|desktop\"][et_pb_column type=\"4_4\" _builder_version=\"4.16\" _module_preset=\"default\" global_colors_info=\"{}\"][et_pb_text disabled_on=\"off|off|off\" _builder_version=\"4.20.2\" _module_preset=\"default\" header_line_height=\"1.2em\" header_5_font=\"Barlow Semi Condensed|300|||||||\" header_5_font_size=\"20px\" header_5_line_height=\"1.5em\" custom_margin=\"0px|0px|43px|0px|false|false\" custom_margin_tablet=\"||16px||false|false\" custom_margin_phone=\"||16px||false|false\" custom_margin_last_edited=\"on|desktop\" locked=\"off\" global_colors_info=\"{}\"]<\/p>\n<h1><span style=\"color: #009ee3;\">Notificaci\u00f3n de incidentes<br \/><\/span><\/h1>\n<p>[\/et_pb_text][et_pb_text module_class=\"vbm-bullet\" _builder_version=\"4.20.2\" _module_preset=\"default\" text_font=\"|300|||||||\" text_font_size=\"1.17em\" header_5_font=\"Barlow Semi Condensed|300|||||||\" header_5_font_size=\"20px\" header_5_line_height=\"1.5em\" custom_margin=\"0px|0px|16px|0px|false|false\" text_font_size_last_edited=\"off|desktop\" global_colors_info=\"{}\"]<\/p>\n<ul>\n<li><span style=\"font-size: 1.17em;\">\u00bfTiene una notificaci\u00f3n del mal funcionamiento de un producto que haya causado la muerte o el deterioro de la salud de pacientes, usuarios o terceros?<\/span><\/li>\n<li><span style=\"font-size: 1.17em;\">\u00bfTiene una notificaci\u00f3n del mal funcionamiento de un producto que haya podido causar la muerte o el deterioro de la salud de pacientes, usuarios o terceros?<\/span><\/li>\n<li><span style=\"font-size: 1.17em;\">\u00bfHa tenido una situaci\u00f3n cr\u00edtica con uno de nuestros productos y necesita ayuda sobre c\u00f3mo proceder?<\/span><\/li>\n<\/ul>\n<p>[\/et_pb_text][et_pb_text module_class=\"vbm-bullet\" _builder_version=\"4.20.2\" _module_preset=\"default\" header_5_font=\"Barlow Semi Condensed|300|||||||\" header_5_font_size=\"20px\" header_5_line_height=\"1.5em\" custom_margin=\"0px|0px|16px|0px|false|false\" global_colors_info=\"{}\"]<span style=\"font-size: 1.17em;\">Rogamos ponerse en contacto con nosotros a trav\u00e9s del formulario de contacto. Nos pondremos en contacto con usted lo antes posible.<\/span>[\/et_pb_text][\/et_pb_column][\/et_pb_row][\/et_pb_section][et_pb_section fb_built=\"1\" admin_label=\"Section\" _builder_version=\"4.16\" _module_preset=\"default\" custom_margin=\"||200px||false|false\" custom_margin_tablet=\"||112px||false|false\" custom_margin_phone=\"||112px||false|false\" da_disable_devices=\"off|off|off\" locked=\"off\" global_colors_info=\"{}\" da_is_popup=\"off\" da_exit_intent=\"off\" da_has_close=\"on\" da_alt_close=\"off\" da_dark_close=\"off\" da_not_modal=\"on\" da_is_singular=\"off\" da_with_loader=\"off\" da_has_shadow=\"on\"][et_pb_row make_equal=\"off\" _builder_version=\"4.16\" _module_preset=\"default\" custom_margin=\"||43px||false|false\" custom_margin_tablet=\"||43px||false|false\" custom_margin_phone=\"||43px||false|false\" custom_margin_last_edited=\"on|phone\" locked=\"off\" global_colors_info=\"{}\"][et_pb_column type=\"4_4\" _builder_version=\"4.16\" _module_preset=\"default\" background_color=\"#f2f2f3\" custom_padding=\"0px|0px|0px|0px|false|false\" global_colors_info=\"{}\"][et_pb_text content_last_edited=\"off|desktop\" admin_label=\"VBM_ModulHeadline\" _builder_version=\"4.16\" _module_preset=\"default\" text_font_size=\"1.72em\" header_2_font_size=\"1.5em\" header_5_font_size=\"18px\" background_color=\"#FFFFFF\" custom_margin_tablet=\"\" custom_margin_phone=\"\" custom_margin_last_edited=\"on|tablet\" custom_padding=\"0px|0px|43px|0px|false|false\" custom_padding_tablet=\"|0px|24px|0px|false|false\" custom_padding_phone=\"0px|0px|24px|0px|false|false\" text_font_size_tablet=\"1.61em\" text_font_size_phone=\"1.56em\" header_2_font_size_tablet=\"1.39em\" header_2_font_size_phone=\"1.33em\" background_color_tablet=\"#FFFFFF\" background_color_phone=\"#FFFFFF\" background_enable_color_tablet=\"on\" background_enable_color_phone=\"on\" custom_css_main_element=\"font-weight: 500;\" saved_tabs=\"all\" locked=\"off\" global_colors_info=\"{}\"]<\/p>\n<p style=\"text-align: left;\"><span style=\"color: #009ee3; letter-spacing: -0.1em; padding-right: 16px;\">\u2014\u2014<\/span>Formulario<\/p>\n<p>[\/et_pb_text][et_pb_text _builder_version=\"4.16\" _module_preset=\"default\" custom_padding=\"48px|48px|16px|48px|false|false\" custom_padding_tablet=\"48px|48px|16px|48px|false|false\" custom_padding_phone=\"48px|48px|16px|48px|false|false\" global_colors_info=\"{}\"]<\/p>\n<h5>Sus datos<\/h5>\n<p>[\/et_pb_text][et_pb_contact_form use_spam_service=\"on\" recaptcha_list=\"Google reCAPTCHA v3|Google reCAPTCHA v3-0\" recaptcha_min_score=\"0.9\" email=\"fieldsafetynotice@vbm-medical.de\" custom_message=\"Estimado destinatario,||et_pb_line_break_holder||||et_pb_line_break_holder||a trav\u00e9s del formulario de contacto de la p\u00e1gina %22Notificaci\u00f3n de incidentes%22 del sitio web de VBM, se han enviado los siguientes datos o mensaje:||et_pb_line_break_holder||||et_pb_line_break_holder||Titulo: ||et_pb_line_break_holder||%%Anrede_\/_Titel%%||et_pb_line_break_holder||||et_pb_line_break_holder||Nombre:||et_pb_line_break_holder||%%Vorname%%||et_pb_line_break_holder||||et_pb_line_break_holder||Apellido*: ||et_pb_line_break_holder||%%Nachname%%||et_pb_line_break_holder||||et_pb_line_break_holder||E-Mail*: ||et_pb_line_break_holder||%%Email%%||et_pb_line_break_holder||||et_pb_line_break_holder||N\u00famero de tel\u00e9fono:||et_pb_line_break_holder||%%Telefon%%||et_pb_line_break_holder||||et_pb_line_break_holder||Empresa \/ Hospital:||et_pb_line_break_holder||%%Unternehmen%%||et_pb_line_break_holder||||et_pb_line_break_holder||Departamento:||et_pb_line_break_holder||%%Abteilung%%||et_pb_line_break_holder||||et_pb_line_break_holder||Direcci\u00f2n:||et_pb_line_break_holder||%%Anschrift%%||et_pb_line_break_holder||||et_pb_line_break_holder||C\u00f3digo postal y ciudad:||et_pb_line_break_holder||%%PLZ_Ort%%||et_pb_line_break_holder||||et_pb_line_break_holder||Pa\u00eds:||et_pb_line_break_holder||%%Land%%||et_pb_line_break_holder||||et_pb_line_break_holder||Cliente \/ N\u00ba de cliente:||et_pb_line_break_holder||%%KundenNr%%||et_pb_line_break_holder||||et_pb_line_break_holder||Referencia del cliente*:||et_pb_line_break_holder||%%KundenReferenz%%||et_pb_line_break_holder||||et_pb_line_break_holder||Producto*:||et_pb_line_break_holder||%%Produkt%%||et_pb_line_break_holder||||et_pb_line_break_holder||N\u00famero de art\u00edculo*:||et_pb_line_break_holder||%%ArtikelNr%%||et_pb_line_break_holder||||et_pb_line_break_holder||N\u00famero de serie \/ N\u00famero de lote del producto*:||et_pb_line_break_holder||%%Seriennummer%%||et_pb_line_break_holder||||et_pb_line_break_holder||Cantidad de productos afectados*:||et_pb_line_break_holder||%%Menge%%||et_pb_line_break_holder||||et_pb_line_break_holder||Motivo de la reclamaci\u00f3n*:||et_pb_line_break_holder||%%Rueckmeldung%%||et_pb_line_break_holder||||et_pb_line_break_holder||\u00bfSe utiliz\u00f3 el producto en un paciente?*:||et_pb_line_break_holder||%%Patientenanwendung%%||et_pb_line_break_holder||||et_pb_line_break_holder||\u00bfResult\u00f3 perjudicado el paciente durante el uso del producto VBM?*:||et_pb_line_break_holder||%%Patientenschaedigung%%||et_pb_line_break_holder||||et_pb_line_break_holder||\u00bfSe ha transmitido ya la denuncia a una autoridad competente?*:||et_pb_line_break_holder||%%Meldung_Behoerde%%||et_pb_line_break_holder||||et_pb_line_break_holder||\u00bfCu\u00e1l es la situaci\u00f3n actual del producto?*:||et_pb_line_break_holder||%%Verbleib_Produkt%%||et_pb_line_break_holder||||et_pb_line_break_holder||Los campos marcados con *asterisco son obligatorios.\" success_message=\"Su mensaje ha sido enviado con \u00e9xito. Atenderemos su solicitud lo antes posible.\" submit_button_text=\"Enviar\" _builder_version=\"4.20.4\" _module_preset=\"default\" _unique_id=\"58aa3bf8-b879-41f3-8184-35c4da1419d7\" form_field_background_color=\"#FFFFFF\" form_field_text_color=\"rgba(0,0,0,0.5)\" title_level=\"h3\" title_font=\"Barlow Semi Condensed||||||||\" title_line_height=\"2em\" form_field_font=\"Barlow Semi Condensed||||||||\" form_field_font_size=\"16px\" custom_button=\"on\" button_text_size=\"18px\" button_font=\"Barlow Semi Condensed||||||||\" button_use_icon=\"off\" button_custom_padding=\"5px|16px|4px|16px|false|false\" custom_padding=\"|43px|0px|48px|false|false\" hover_enabled=\"0\" title_font_size_tablet=\"20px\" title_font_size_phone=\"20px\" title_font_size_last_edited=\"on|tablet\" locked=\"off\" global_colors_info=\"{}\" sticky_enabled=\"0\"][et_pb_contact_field field_id=\"Anrede_\/_Titel\" field_title=\"Titulo\" required_mark=\"off\" fullwidth_field=\"on\" _builder_version=\"4.16\" _module_preset=\"default\" global_colors_info=\"{}\"][\/et_pb_contact_field][et_pb_contact_field field_id=\"Vorname\" field_title=\"Nombre\" required_mark=\"off\" _builder_version=\"4.16\" global_colors_info=\"{}\" button_text_size__hover_enabled=\"off\" button_one_text_size__hover_enabled=\"off\" button_two_text_size__hover_enabled=\"off\" button_text_color__hover_enabled=\"off\" button_one_text_color__hover_enabled=\"off\" button_two_text_color__hover_enabled=\"off\" button_border_width__hover_enabled=\"off\" button_one_border_width__hover_enabled=\"off\" button_two_border_width__hover_enabled=\"off\" button_border_color__hover_enabled=\"off\" button_one_border_color__hover_enabled=\"off\" button_two_border_color__hover_enabled=\"off\" button_border_radius__hover_enabled=\"off\" button_one_border_radius__hover_enabled=\"off\" button_two_border_radius__hover_enabled=\"off\" button_letter_spacing__hover_enabled=\"off\" button_one_letter_spacing__hover_enabled=\"off\" button_two_letter_spacing__hover_enabled=\"off\" button_bg_color__hover_enabled=\"off\" button_one_bg_color__hover_enabled=\"off\" button_two_bg_color__hover_enabled=\"off\"][\/et_pb_contact_field][et_pb_contact_field field_id=\"Nachname\" field_title=\"Apellido*\" _builder_version=\"4.20.4\" global_colors_info=\"{}\" button_text_size__hover_enabled=\"off\" button_one_text_size__hover_enabled=\"off\" button_two_text_size__hover_enabled=\"off\" button_text_color__hover_enabled=\"off\" button_one_text_color__hover_enabled=\"off\" button_two_text_color__hover_enabled=\"off\" button_border_width__hover_enabled=\"off\" button_one_border_width__hover_enabled=\"off\" button_two_border_width__hover_enabled=\"off\" button_border_color__hover_enabled=\"off\" button_one_border_color__hover_enabled=\"off\" button_two_border_color__hover_enabled=\"off\" button_border_radius__hover_enabled=\"off\" button_one_border_radius__hover_enabled=\"off\" button_two_border_radius__hover_enabled=\"off\" button_letter_spacing__hover_enabled=\"off\" button_one_letter_spacing__hover_enabled=\"off\" button_two_letter_spacing__hover_enabled=\"off\" button_bg_color__hover_enabled=\"off\" button_one_bg_color__hover_enabled=\"off\" button_two_bg_color__hover_enabled=\"off\"][\/et_pb_contact_field][et_pb_contact_field field_id=\"Email\" field_title=\"E-Mail*\" field_type=\"email\" _builder_version=\"4.20.4\" global_colors_info=\"{}\" button_text_size__hover_enabled=\"off\" button_one_text_size__hover_enabled=\"off\" button_two_text_size__hover_enabled=\"off\" button_text_color__hover_enabled=\"off\" button_one_text_color__hover_enabled=\"off\" button_two_text_color__hover_enabled=\"off\" button_border_width__hover_enabled=\"off\" button_one_border_width__hover_enabled=\"off\" button_two_border_width__hover_enabled=\"off\" button_border_color__hover_enabled=\"off\" button_one_border_color__hover_enabled=\"off\" button_two_border_color__hover_enabled=\"off\" button_border_radius__hover_enabled=\"off\" button_one_border_radius__hover_enabled=\"off\" button_two_border_radius__hover_enabled=\"off\" button_letter_spacing__hover_enabled=\"off\" button_one_letter_spacing__hover_enabled=\"off\" button_two_letter_spacing__hover_enabled=\"off\" button_bg_color__hover_enabled=\"off\" button_one_bg_color__hover_enabled=\"off\" button_two_bg_color__hover_enabled=\"off\"][\/et_pb_contact_field][et_pb_contact_field field_id=\"Telefon\" field_title=\"N\u00famero de tel\u00e9fono\" required_mark=\"off\" _builder_version=\"4.16\" global_colors_info=\"{}\" button_text_size__hover_enabled=\"off\" button_one_text_size__hover_enabled=\"off\" button_two_text_size__hover_enabled=\"off\" button_text_color__hover_enabled=\"off\" button_one_text_color__hover_enabled=\"off\" button_two_text_color__hover_enabled=\"off\" button_border_width__hover_enabled=\"off\" button_one_border_width__hover_enabled=\"off\" button_two_border_width__hover_enabled=\"off\" button_border_color__hover_enabled=\"off\" button_one_border_color__hover_enabled=\"off\" button_two_border_color__hover_enabled=\"off\" button_border_radius__hover_enabled=\"off\" button_one_border_radius__hover_enabled=\"off\" button_two_border_radius__hover_enabled=\"off\" button_letter_spacing__hover_enabled=\"off\" button_one_letter_spacing__hover_enabled=\"off\" button_two_letter_spacing__hover_enabled=\"off\" button_bg_color__hover_enabled=\"off\" button_one_bg_color__hover_enabled=\"off\" button_two_bg_color__hover_enabled=\"off\"][\/et_pb_contact_field][et_pb_contact_field field_id=\"Unternehmen\" field_title=\"Empresa \/ Hospital\" required_mark=\"off\" _builder_version=\"4.16\" _module_preset=\"default\" global_colors_info=\"{}\"][\/et_pb_contact_field][et_pb_contact_field field_id=\"Abteilung\" field_title=\"Departamento\" required_mark=\"off\" _builder_version=\"4.16\" _module_preset=\"default\" global_colors_info=\"{}\"][\/et_pb_contact_field][et_pb_contact_field field_id=\"Anschrift\" field_title=\"Direcci\u00f3n\" required_mark=\"off\" fullwidth_field=\"on\" _builder_version=\"4.16\" _module_preset=\"default\" global_colors_info=\"{}\"][\/et_pb_contact_field][et_pb_contact_field field_id=\"PLZ_Ort\" field_title=\"C\u00f3digo postal y ciudad\" required_mark=\"off\" fullwidth_field=\"on\" _builder_version=\"4.16\" _module_preset=\"default\" global_colors_info=\"{}\"][\/et_pb_contact_field][et_pb_contact_field field_id=\"Land\" field_title=\"Pa\u00eds\" required_mark=\"off\" fullwidth_field=\"on\" _builder_version=\"4.20.4\" _module_preset=\"default\" global_colors_info=\"{}\"][\/et_pb_contact_field][et_pb_contact_field field_id=\"KundenNr\" field_title=\"Cliente \/ N\u00ba de cliente\" required_mark=\"off\" _builder_version=\"4.20.4\" _module_preset=\"default\" global_colors_info=\"{}\"][\/et_pb_contact_field][et_pb_contact_field field_id=\"KundenReferenz\" field_title=\"Referencia del cliente*\" _builder_version=\"4.20.4\" _module_preset=\"default\" global_colors_info=\"{}\"][\/et_pb_contact_field][et_pb_contact_field field_id=\"Produkt\" field_title=\"Producto*\" _builder_version=\"4.20.4\" _module_preset=\"default\" global_colors_info=\"{}\"][\/et_pb_contact_field][et_pb_contact_field field_id=\"ArtikelNr\" field_title=\"N\u00famero de art\u00edculo*\" _builder_version=\"4.20.4\" _module_preset=\"default\" global_colors_info=\"{}\"][\/et_pb_contact_field][et_pb_contact_field field_id=\"Seriennummer\" field_title=\"N\u00famero de serie \/ N\u00famero de lote del producto*\" _builder_version=\"4.20.4\" _module_preset=\"default\" global_colors_info=\"{}\"][\/et_pb_contact_field][et_pb_contact_field field_id=\"Menge\" field_title=\"Cantidad de productos afectados*\" _builder_version=\"4.20.4\" _module_preset=\"default\" global_colors_info=\"{}\"][\/et_pb_contact_field][et_pb_contact_field field_id=\"Rueckmeldung\" field_title=\"Motivo de la reclamaci\u00f3n*\" field_type=\"text\" fullwidth_field=\"on\" _builder_version=\"4.20.4\" _module_preset=\"default\" global_colors_info=\"{}\"][\/et_pb_contact_field][et_pb_contact_field field_id=\"Patientenanwendung\" field_title=\"\u00bfSe utiliz\u00f3 el producto en un paciente?\" field_type=\"radio\" radio_options=\"%91{%22value%22:%22S\u00ed%22,%22checked%22:0,%22dragID%22:-1},{%22value%22:%22No%22,%22checked%22:0,%22dragID%22:0}%93\" _builder_version=\"4.20.4\" _module_preset=\"default\" global_colors_info=\"{}\"][\/et_pb_contact_field][et_pb_contact_field field_id=\"Patientenschaedigung\" field_title=\"\u00bfResult\u00f3 perjudicado el paciente durante el uso del producto VBM?*\" field_type=\"radio\" radio_options=\"%91{%22value%22:%22S\u00ed%22,%22checked%22:0,%22dragID%22:-1},{%22value%22:%22No%22,%22checked%22:0,%22dragID%22:0}%93\" _builder_version=\"4.20.4\" _module_preset=\"default\" global_colors_info=\"{}\"][\/et_pb_contact_field][et_pb_contact_field field_id=\"Meldung_Behoerde\" field_title=\"\u00bfSe ha transmitido ya la denuncia a una autoridad competente?*\" fullwidth_field=\"on\" _builder_version=\"4.20.4\" _module_preset=\"default\" global_colors_info=\"{}\"][\/et_pb_contact_field][et_pb_contact_field field_id=\"Verbleib_Produkt\" field_title=\"\u00bfCu\u00e1l es la situaci\u00f3n actual del producto?*\" fullwidth_field=\"on\" _builder_version=\"4.20.4\" _module_preset=\"default\" global_colors_info=\"{}\"][\/et_pb_contact_field][\/et_pb_contact_form][et_pb_text _builder_version=\"4.17.4\" _module_preset=\"default\" custom_margin=\"0px|0px|0px||false|false\" custom_padding=\"0px|43px|43px|48px|false|false\" custom_padding_tablet=\"|48px|43px|48px|false|false\" custom_padding_phone=\"0px|48px|43px|48px|false|false\" locked=\"off\" global_colors_info=\"{}\"]<\/p>\n<p><span style=\"font-weight: 500;\">Informaci\u00f3n sobre la protecci\u00f3n de datos para el formulario:<\/span><br \/>Si nos env\u00eda consultas a trav\u00e9s de este formulario, sus datos del formulario de consulta, incluidos los datos de contacto que proporcione all\u00ed, ser\u00e1n almacenados por nosotros con el fin de procesar la consulta y en caso de preguntas de seguimiento. No transmitiremos estos datos sin su consentimiento.<\/p>\n<p>El tratamiento de estos datos se basa en el art. 6 (1) lit. b DSGVO si su solicitud est\u00e1 relacionada con la ejecuci\u00f3n de un contrato o es necesaria para la aplicaci\u00f3n de medidas precontractuales. En todos los dem\u00e1s casos, el tratamiento se basa en nuestro inter\u00e9s leg\u00edtimo en la tramitaci\u00f3n efectiva de las consultas dirigidas a nosotros (art. 6, p\u00e1rr. 1, letra f del DSGVO) o en su consentimiento (art. 6, p\u00e1rr. 1, letra a del DSGVO) si se ha solicitado; el consentimiento puede revocarse en cualquier momento.<\/p>\n<p>Los datos que introduzca en el formulario permanecer\u00e1n con nosotros hasta que nos pida que los eliminemos, revoque su consentimiento para almacenarlos o deje de ser aplicable la finalidad del almacenamiento de los datos (por ejemplo, cuando hayamos terminado de procesar su consulta).<\/p>\n<p>Puede encontrar nuestra informaci\u00f3n detallada sobre protecci\u00f3n de datos aqu\u00ed:<a href=\"https:\/\/www.vbm-medical.de\/es\/politica-de-privacidad\/\" class=\"link\"><span style=\"color: #009ee3; font-weight: 400;\"> Politica de privacidad<\/span><\/a><\/p>\n<p>Sus derechos como sujeto de datos seg\u00fan la DSGVO se pueden encontrar aqu\u00ed: <span style=\"color: #008080;\"><a href=\"https:\/\/media.vbm-medical.de\/cor\/Betroffenenrechte_Allgemein.pdf\" target=\"_blank\" rel=\"noopener\" style=\"color: #009ee3; font-weight: 400;\">Derechos del interesado seg\u00fan la DSGVO<\/a><\/span><\/p>\n<p>[\/et_pb_text][\/et_pb_column][\/et_pb_row][\/et_pb_section][et_pb_section fb_built=\"1\" _builder_version=\"4.16\" _module_preset=\"default\" module_alignment=\"left\" custom_margin=\"||8px||false|false\" custom_margin_tablet=\"||7px||false|false\" custom_margin_phone=\"||8px||false|false\" da_disable_devices=\"off|off|off\" global_colors_info=\"{}\" da_is_popup=\"off\" da_exit_intent=\"off\" da_has_close=\"on\" da_alt_close=\"off\" da_dark_close=\"off\" da_not_modal=\"on\" da_is_singular=\"off\" da_with_loader=\"off\" da_has_shadow=\"on\"][et_pb_row _builder_version=\"4.16\" _module_preset=\"default\" global_colors_info=\"{}\"][et_pb_column type=\"4_4\" _builder_version=\"4.16\" _module_preset=\"default\" global_colors_info=\"{}\"][et_pb_text _builder_version=\"4.20.4\" _module_preset=\"default\" text_font_size=\"0.8em\" text_font_size_tablet=\"0.8em\" text_font_size_phone=\"0.8em\" global_colors_info=\"{}\"]<\/p>\n<p>WEB001_PID-00-05-03_AB_ES<\/p>\n<p>[\/et_pb_text][\/et_pb_column][\/et_pb_row][\/et_pb_section]<\/p>\n","protected":false},"excerpt":{"rendered":"<p>Notificaci\u00f3n de incidentes \u00bfTiene una notificaci\u00f3n del mal funcionamiento de un producto que haya causado la muerte o el deterioro de la salud de pacientes, usuarios o terceros? \u00bfTiene una notificaci\u00f3n del mal funcionamiento de un producto que haya podido causar la muerte o el deterioro de la salud de pacientes, usuarios o terceros? \u00bfHa [&hellip;]<\/p>\n","protected":false},"author":5,"featured_media":0,"parent":266107,"menu_order":3,"comment_status":"closed","ping_status":"closed","template":"","meta":{"_et_pb_use_builder":"on","_et_pb_old_content":"","_et_gb_content_width":"","footnotes":""},"tags":[],"class_list":["post-266104","page","type-page","status-publish","hentry"],"_links":{"self":[{"href":"https:\/\/www.vbm-medical.de\/es\/wp-json\/wp\/v2\/pages\/266104","targetHints":{"allow":["GET"]}}],"collection":[{"href":"https:\/\/www.vbm-medical.de\/es\/wp-json\/wp\/v2\/pages"}],"about":[{"href":"https:\/\/www.vbm-medical.de\/es\/wp-json\/wp\/v2\/types\/page"}],"author":[{"embeddable":true,"href":"https:\/\/www.vbm-medical.de\/es\/wp-json\/wp\/v2\/users\/5"}],"replies":[{"embeddable":true,"href":"https:\/\/www.vbm-medical.de\/es\/wp-json\/wp\/v2\/comments?post=266104"}],"version-history":[{"count":19,"href":"https:\/\/www.vbm-medical.de\/es\/wp-json\/wp\/v2\/pages\/266104\/revisions"}],"predecessor-version":[{"id":273340,"href":"https:\/\/www.vbm-medical.de\/es\/wp-json\/wp\/v2\/pages\/266104\/revisions\/273340"}],"up":[{"embeddable":true,"href":"https:\/\/www.vbm-medical.de\/es\/wp-json\/wp\/v2\/pages\/266107"}],"wp:attachment":[{"href":"https:\/\/www.vbm-medical.de\/es\/wp-json\/wp\/v2\/media?parent=266104"}],"wp:term":[{"taxonomy":"post_tag","embeddable":true,"href":"https:\/\/www.vbm-medical.de\/es\/wp-json\/wp\/v2\/tags?post=266104"}],"curies":[{"name":"wp","href":"https:\/\/api.w.org\/{rel}","templated":true}]}}