{"id":265377,"date":"2022-02-24T14:21:44","date_gmt":"2022-02-24T13:21:44","guid":{"rendered":"https:\/\/www.vbm-medical.de\/?page_id=265377"},"modified":"2024-11-20T15:09:16","modified_gmt":"2024-11-20T14:09:16","slug":"tubo-de-silicona","status":"publish","type":"page","link":"https:\/\/www.vbm-medical.de\/es\/productos\/accesorios-para-anestesia-cuidados-intensivos\/tubo-de-silicona\/","title":{"rendered":"Tubo de silicona"},"content":{"rendered":"<p>[et_pb_section fb_built=\"1\" admin_label=\"VBM_SecHero_Product\" _builder_version=\"4.16\" _module_preset=\"default\" use_background_color_gradient=\"on\" background_color_gradient_stops=\"#f2f2f3 63%|rgba(0,0,0,0) 63%\" background_color_gradient_start=\"#f2f2f3\" background_color_gradient_start_position=\"63%\" background_color_gradient_end=\"rgba(0,0,0,0)\" background_color_gradient_end_position=\"63%\" custom_margin_tablet=\"||16px||false|false\" custom_margin_phone=\"||16px||false|false\" da_disable_devices=\"off|off|off\" border_width_top=\"1px\" border_width_top_tablet=\"1px\" border_width_top_phone=\"0px\" border_width_top_last_edited=\"on|phone\" locked=\"off\" global_colors_info=\"{}\" da_is_popup=\"off\" da_exit_intent=\"off\" da_has_close=\"on\" da_alt_close=\"off\" da_dark_close=\"off\" da_not_modal=\"on\" da_is_singular=\"off\" da_with_loader=\"off\" da_has_shadow=\"on\"][et_pb_row make_equal=\"off\" custom_padding_last_edited=\"on|desktop\" admin_label=\"ROW_Hero_Breadcrumb\" _builder_version=\"4.16\" _module_preset=\"default\" background_color=\"RGBA(0,0,0,0)\" background_color_gradient_direction=\"84deg\" background_enable_image=\"off\" background_position=\"bottom_center\" min_height_tablet=\"\" min_height_phone=\"\" min_height_last_edited=\"on|tablet\" custom_margin=\"0px||0px||false|false\" custom_margin_tablet=\"||8px||false|false\" custom_margin_phone=\"||0px||false|false\" custom_margin_last_edited=\"on|phone\" custom_padding=\"0px||0px||false|false\" custom_padding_tablet=\"0px||0px||false|false\" custom_padding_phone=\"0px||0px||false|false\" background_color_tablet=\"RGBA(0,0,0,0)\" background_color_phone=\"RGBA(0,0,0,0)\" background_last_edited=\"on|phone\" background_enable_color_tablet=\"on\" background_enable_color_phone=\"on\" use_background_color_gradient_tablet=\"off\" background_enable_image_tablet=\"off\" background_position_tablet=\"center\" global_colors_info=\"{}\"][et_pb_column type=\"4_4\" _builder_version=\"4.16\" _module_preset=\"default\" background_enable_image=\"off\" custom_padding=\"0px||0px||false|false\" custom_padding_tablet=\"0px|24px|0px|24px|false|false\" custom_padding_phone=\"|0px|0px||false|false\" custom_padding_last_edited=\"on|phone\" background_color_tablet=\"RGBA(0,0,0,0)\" background_color_phone=\"RGBA(0,0,0,0)\" background_last_edited=\"on|phone\" background_enable_color_tablet=\"on\" background_enable_color_phone=\"on\" use_background_color_gradient_tablet=\"off\" background_color_gradient_stops_tablet=\"#2b87da 0%|#f2f2f3 100%\" background_color_gradient_end_tablet=\"#f2f2f3\" background_enable_image_tablet=\"off\" background_enable_image_phone=\"off\" parallax_tablet=\"off\" parallax_phone=\"off\" background_size_tablet=\"contain\" background_size_phone=\"cover\" background_position_tablet=\"center_right\" background_position_phone=\"center\" global_colors_info=\"{}\"][dipl_breadcrumb breadcrumb_layout=\"layout2\" disabled_on=\"on|off|off\" admin_label=\"DP_Breadcrumbs_Dark\" _builder_version=\"4.16\" _module_preset=\"default\" global_text_settings_text_align=\"left\" global_text_settings_font_size=\"0.89em\" text_font=\"Barlow Semi Condensed||||||||\" text_letter_spacing=\"0px\" link_font=\"Barlow Semi Condensed||||||||\" background_color=\"RGBA(0,0,0,0)\" width=\"100%\" custom_margin=\"8px||||false|false\" global_text_settings_font_size_tablet=\"\" global_text_settings_font_size_phone=\"0.66em\" global_text_settings_font_size_last_edited=\"on|phone\" custom_css_main_element=\"font-weight: 400;\" saved_tabs=\"all\" global_colors_info=\"{}\"][\/dipl_breadcrumb][\/et_pb_column][\/et_pb_row][et_pb_row column_structure=\"1_3,2_3\" make_equal=\"off\" custom_padding_last_edited=\"on|desktop\" admin_label=\"ROW_Hero_Content\" _builder_version=\"4.16\" _module_preset=\"default\" background_color=\"RGBA(0,0,0,0)\" background_color_gradient_direction=\"84deg\" background_enable_image=\"off\" background_position=\"bottom_center\" min_height_tablet=\"\" min_height_phone=\"\" min_height_last_edited=\"on|tablet\" custom_margin=\"0px||0px||false|false\" custom_margin_tablet=\"\" custom_margin_phone=\"\" custom_margin_last_edited=\"on|phone\" custom_padding=\"0px||0px||false|false\" custom_padding_tablet=\"0px||0px||false|false\" custom_padding_phone=\"0px||0px||false|false\" background_color_tablet=\"RGBA(0,0,0,0)\" background_color_phone=\"RGBA(0,0,0,0)\" background_last_edited=\"on|phone\" background_enable_color_tablet=\"on\" background_enable_color_phone=\"on\" use_background_color_gradient_tablet=\"off\" background_enable_image_tablet=\"off\" background_position_tablet=\"center\" global_colors_info=\"{}\"][et_pb_column type=\"1_3\" _builder_version=\"4.16\" _module_preset=\"default\" background_enable_image=\"off\" custom_padding=\"0px||0px||false|false\" custom_padding_tablet=\"0px|0px|0px|0px|false|false\" custom_padding_phone=\"|0px|0px||false|false\" custom_padding_last_edited=\"on|phone\" background_color_phone=\"RGBA(0,0,0,0)\" background_last_edited=\"on|phone\" background_enable_color_tablet=\"off\" background_enable_color_phone=\"on\" use_background_color_gradient_tablet=\"off\" background_color_gradient_stops_tablet=\"#2b87da 0%|#f2f2f3 100%\" background_color_gradient_end_tablet=\"#f2f2f3\" background_enable_image_tablet=\"off\" background_enable_image_phone=\"off\" parallax_tablet=\"off\" parallax_phone=\"off\" background_size_tablet=\"contain\" background_size_phone=\"cover\" background_position_tablet=\"center_right\" background_position_phone=\"center\" global_colors_info=\"{}\"][et_pb_image src=\"https:\/\/www.vbm-medical.de\/wp-content\/uploads\/2021\/12\/PIC00421_001-02_43.webp\" title_text=\"PIC00421_001-02_43\" disabled_on=\"off|off|on\" _builder_version=\"4.16\" _module_preset=\"default\" background_color=\"#f2f2f3\" background_color_gradient_start=\"#f2f2f3\" background_color_gradient_end=\"rgba(0,0,0,0)\" custom_margin=\"0px||16px||false|false\" custom_padding=\"0px||0px||false|false\" global_colors_info=\"{}\"][\/et_pb_image][et_pb_text content_last_edited=\"off|desktop\" _builder_version=\"4.27.3\" _module_preset=\"default\" background_color=\"#FFFFFF\" custom_margin=\"72px|0px|0px|0px|false|false\" custom_margin_tablet=\"0px||||false|false\" custom_margin_phone=\"\" custom_margin_last_edited=\"on|tablet\" custom_padding=\"24px|0px|0px|24px|false|false\" custom_padding_tablet=\"0px|24px||24px|false|false\" custom_padding_phone=\"0px|24px||24px|false|false\" hover_enabled=\"0\" text_font_size_phone=\"15px\" locked=\"off\" global_colors_info=\"{}\" sticky_enabled=\"0\"]<\/p>\n<h1>Tubo de silicona<\/h1>\n<p>[\/et_pb_text][et_pb_text content_last_edited=\"off|desktop\" _builder_version=\"4.27.3\" _module_preset=\"default\" background_color=\"#FFFFFF\" custom_margin=\"||32px||false|false\" custom_padding=\"||24px|24px|false|false\" custom_padding_tablet=\"|24px|0px|24px|false|false\" custom_padding_phone=\"0px|24px||24px|false|false\" hover_enabled=\"0\" locked=\"off\" global_colors_info=\"{}\" sticky_enabled=\"0\"]<\/p>\n<h2>Biocompatibilidad probada y certificada seg\u00fan USP Clase VI<br \/>\n (sin marcado CE )<\/h2>\n<p>[\/et_pb_text][et_pb_text content_last_edited=\"off|phone\" _builder_version=\"4.16\" _module_preset=\"default\" text_line_height=\"1.6em\" header_5_font=\"Barlow Semi Condensed|300|||||||\" header_5_font_size=\"20px\" header_5_line_height=\"1.5em\" custom_margin=\"128px|0px|0px|0px|false|false\" custom_margin_tablet=\"24px||||false|false\" custom_margin_phone=\"\" custom_margin_last_edited=\"on|tablet\" custom_padding_tablet=\"|24px||24px|false|false\" custom_padding_phone=\"0px|24px||24px|false|false\" animation_style=\"bounce\" animation_direction=\"bottom\" global_colors_info=\"{}\"]<\/p>\n<p>Ofrecemos una gama amplia de tubos de silicona transparentes y lisos. Los tubos est\u00e1n disponibles con di\u00e1metros interiores de 1 a 12 mm. Tenemos m\u00e1s tama\u00f1os disponibles bajo demanda.<\/p>\n<p>[\/et_pb_text][\/et_pb_column][et_pb_column type=\"2_3\" disabled_on=\"on|on|off\" _builder_version=\"4.16\" _module_preset=\"default\" custom_padding=\"0px|0px|0px|0px|false|false\" custom_padding_last_edited=\"off|desktop\" global_colors_info=\"{}\"][et_pb_image src=\"https:\/\/www.vbm-medical.de\/wp-content\/uploads\/2021\/12\/PIC00421_001-02_43.webp\" title_text=\"PIC00421_001-02_43\" show_bottom_space=\"off\" align=\"center\" src_tablet=\"\" src_phone=\"\" src_last_edited=\"on|tablet\" show_bottom_space_tablet=\"\" show_bottom_space_phone=\"\" show_bottom_space_last_edited=\"on|tablet\" disabled_on=\"off|off|off\" _builder_version=\"4.16\" _module_preset=\"default\" width=\"90%\" module_alignment=\"center\" max_height_tablet=\"\" max_height_phone=\"\" max_height_last_edited=\"on|tablet\" custom_margin=\"-36px||||false|false\" custom_margin_tablet=\"\" custom_margin_phone=\"\" custom_margin_last_edited=\"on|phone\" animation_style=\"bounce\" animation_direction=\"right\" animation_duration=\"1100ms\" animation_delay=\"100ms\" global_colors_info=\"{}\"][\/et_pb_image][\/et_pb_column][\/et_pb_row][\/et_pb_section][et_pb_section fb_built=\"1\" admin_label=\"VBM_SecHeadline\" _builder_version=\"4.16\" _module_preset=\"default\" custom_margin=\"0px|0px|43px|0px|false|false\" custom_margin_tablet=\"0px|0px|24px|0px|false|false\" custom_margin_phone=\"0px|0px|24px|0px|false|false\" custom_margin_last_edited=\"on|desktop\" scroll_fade_enable=\"on\" da_disable_devices=\"off|off|off\" saved_tabs=\"all\" locked=\"off\" global_colors_info=\"{}\" da_is_popup=\"off\" da_exit_intent=\"off\" da_has_close=\"on\" da_alt_close=\"off\" da_dark_close=\"off\" da_not_modal=\"on\" da_is_singular=\"off\" da_with_loader=\"off\" da_has_shadow=\"on\"][et_pb_row admin_label=\"VBM_RowHeadline\" _builder_version=\"4.16\" _module_preset=\"default\" width_tablet=\"\" width_phone=\"\" width_last_edited=\"on|tablet\" module_alignment=\"center\" custom_margin=\"|0px||0px|false|false\" custom_padding=\"|0px||0px|false|false\" global_colors_info=\"{}\"][et_pb_column type=\"4_4\" _builder_version=\"4.16\" _module_preset=\"default\" custom_padding=\"0px|0px|0px|0px|false|false\" global_colors_info=\"{}\" custom_css_main_element__hover_enabled=\"on|desktop\" custom_css_main_element_last_edited=\"on|tablet\"][et_pb_text content_last_edited=\"off|desktop\" admin_label=\"VBM_ModulHeadline\" _builder_version=\"4.16\" _module_preset=\"default\" text_font_size=\"1.72em\" header_2_font_size=\"1.5em\" header_5_font_size=\"18px\" background_color=\"#FFFFFF\" custom_margin_tablet=\"||||false|false\" custom_margin_phone=\"\" custom_margin_last_edited=\"on|desktop\" text_font_size_tablet=\"1.61em\" text_font_size_phone=\"1.56em\" header_2_font_size_tablet=\"1.39em\" header_2_font_size_phone=\"1.33em\" custom_css_main_element=\"font-weight: 500;\" saved_tabs=\"all\" locked=\"off\" global_colors_info=\"{}\"]<\/p>\n<p style=\"text-align: left;\"><span style=\"color: #009ee3; letter-spacing: -0.1em; padding-right: 16px;\">\u2014\u2014<\/span>Informaciones adicionales<\/p>\n<p>[\/et_pb_text][\/et_pb_column][\/et_pb_row][\/et_pb_section][et_pb_section fb_built=\"1\" _builder_version=\"4.16\" _module_preset=\"default\" background_color=\"#dfdfdf\" custom_margin=\"||200px||false|false\" custom_margin_tablet=\"||112px||false|false\" custom_margin_phone=\"||112px||false|false\" custom_padding=\"43px|0px|43px|0px|false|false\" custom_padding_tablet=\"43px||43px||false|false\" custom_padding_phone=\"43px|0px|43px|0px|false|false\" scroll_fade_enable=\"on\" background_color_tablet=\"#dfdfdf\" background_color_phone=\"#dfdfdf\" background_last_edited=\"on|phone\" da_disable_devices=\"off|off|off\" global_colors_info=\"{}\" da_is_popup=\"off\" da_exit_intent=\"off\" da_has_close=\"on\" da_alt_close=\"off\" da_dark_close=\"off\" da_not_modal=\"on\" da_is_singular=\"off\" da_with_loader=\"off\" da_has_shadow=\"on\"][et_pb_row admin_label=\"VBM_AdditonalInformation\" _builder_version=\"4.16\" _module_preset=\"default\" width_tablet=\"\" width_phone=\"\" width_last_edited=\"on|tablet\" module_alignment=\"center\" custom_margin=\"||0px||false|false\" custom_margin_tablet=\"||0px||false|false\" custom_margin_phone=\"\" custom_margin_last_edited=\"on|tablet\" custom_padding=\"||0px|||\" custom_padding_phone=\"|24px||24px|false|false\" motion_trigger_start=\"top\" locked=\"off\" global_colors_info=\"{}\" width__hover_enabled=\"off|desktop\"][et_pb_column type=\"4_4\" _builder_version=\"4.16\" _module_preset=\"default\" custom_padding=\"0px|0px|0px|0px|false|false\" custom_padding_tablet=\"\" custom_padding_phone=\"\" custom_padding_last_edited=\"on|tablet\" custom_css_main_element=\"display:grid;||grid-template-columns: 14.3% 14.3% 14.3% 14.3% 14.3% 14.3%; ||grid-auto-rows: auto;||gap: 43px 43px;||align-content:space-between;||align-items: flex-end;\" global_colors_info=\"{}\" custom_css_main_element_last_edited=\"on|tablet\" custom_css_main_element_tablet=\"display:grid;||grid-template-columns: 20.55% 20.55% 20.55% 20.55%; ||grid-auto-rows: auto;||gap: 43px 43px;||align-content:space-between;||align-items: flex-end;\" custom_css_main_element_phone=\"display:grid;||grid-template-columns: 44% 44%; ||grid-auto-rows: auto;||gap: 43px 43px;||align-content:space-between;||align-items: flex-end;\"][et_pb_blurb title=\"Cat\u00e1logo\" image_icon_background_color=\"#FFFFFF\" image=\"https:\/\/www.vbm-medical.de\/wp-content\/uploads\/2022\/12\/Catalogo_Anestesia_Cuidados_Intensivos_KAT004_ES_AA.webp\" icon_alignment=\"left\" content_max_width=\"96%\" content_max_width_tablet=\"100%\" content_max_width_phone=\"100%\" content_max_width_last_edited=\"on|tablet\" admin_label=\"KAT004_KAI_ES\" module_class=\"pa-blurbmedia-button\" _builder_version=\"4.20.0\" _module_preset=\"default\" header_level=\"h5\" header_font=\"Barlow Semi Condensed||||||||\" header_font_size=\"0.99em\" header_line_height=\"0.5em\" body_font=\"Barlow Semi Condensed|300|||||||\" body_font_size=\"0.99em\" body_line_height=\"1.4em\" background_color=\"RGBA(255,255,255,0)\" module_alignment=\"left\" custom_margin=\"0px||0px|0px|false|false\" custom_margin_tablet=\"0px|0px|16px|0px|false|false\" custom_margin_phone=\"0px|0px|16px|0px|false|false\" custom_margin_last_edited=\"on|desktop\" custom_padding=\"||||false|false\" animation_style=\"zoom\" animation=\"off\" header_font_size_tablet=\"1.11em\" header_font_size_phone=\"1.06em\" header_font_size_last_edited=\"on|desktop\" custom_css_blurb_image=\"margin-bottom: 20px;||box-shadow: rgba(0, 0, 0, 0.3) 0px 12px 18px -6px;\" custom_css_blurb_title=\"line-height: 1em;\" global_module=\"272772\" saved_tabs=\"all\" locked=\"off\" global_colors_info=\"{}\" custom_css_blurb_image__hover_enabled=\"off|hover\" custom_css_blurb_image__hover=\"margin-bottom: 20px;||background-color: #f9f9f9;\" custom_css_blurb_image_last_edited=\"off|desktop\" custom_css_blurb_image_tablet=\"margin-bottom: 24px;||box-shadow: rgba(0, 0, 0, 0.3) 0px 12px 18px -6px;\" custom_css_blurb_image_phone=\"margin-bottom: 24px;||box-shadow: rgba(0, 0, 0, 0.3) 0px 12px 18px -6px;\"]<\/p>\n<p>Accesorios para Anestesia & Cuidados Intensivos<br \/>Espa\u00f1ol \/ PDF<br \/><span><a href=\"https:\/\/media.vbm-medical.de\/kat\/KAT004_ES.pdf\" target=\"  _blank\" class=\"pa-blurbmedia-button\" rel=\"noopener\">Descargar<\/a><\/span><\/p>\n<p>[\/et_pb_blurb][\/et_pb_column][\/et_pb_row][\/et_pb_section][et_pb_section fb_built=\"1\" _builder_version=\"4.16\" _module_preset=\"default\" module_alignment=\"left\" custom_margin=\"||8px||false|false\" custom_margin_tablet=\"||7px||false|false\" custom_margin_phone=\"||8px||false|false\" da_disable_devices=\"off|off|off\" global_colors_info=\"{}\" da_is_popup=\"off\" da_exit_intent=\"off\" da_has_close=\"on\" da_alt_close=\"off\" da_dark_close=\"off\" da_not_modal=\"on\" da_is_singular=\"off\" da_with_loader=\"off\" da_has_shadow=\"on\"][et_pb_row _builder_version=\"4.16\" _module_preset=\"default\" global_colors_info=\"{}\"][et_pb_column type=\"4_4\" _builder_version=\"4.16\" _module_preset=\"default\" global_colors_info=\"{}\"][et_pb_text _builder_version=\"4.27.3\" _module_preset=\"default\" text_font_size=\"0.8em\" hover_enabled=\"0\" text_font_size_tablet=\"0.8em\" text_font_size_phone=\"0.8em\" global_colors_info=\"{}\" sticky_enabled=\"0\"]<\/p>\n<p>WEB001_PID-02-12-01_AB_ES<\/p>\n<p>[\/et_pb_text][\/et_pb_column][\/et_pb_row][\/et_pb_section]<\/p>\n","protected":false},"excerpt":{"rendered":"<p><div class=\"et_pb_module dipl_breadcrumb dipl_breadcrumb_0 font-weight-400\">\n\t\t\t\t\n\t\t\t\t\n\t\t\t\t\n\t\t\t\t\n\t\t\t\t\n\t\t\t\t\n\t\t\t\t<div class=\"et_pb_module_inner\">\n\t\t\t\t\t<div class=\"dipl-breadcrumb-wrapper layout2\">\n\t\t\t\t\t\t\t\t<ol class=\"dipl-breadcrumb-inner\" vocab=\"https:\/\/schema.org\/\" typeof=\"BreadcrumbList\">\n\t\t\t\t\t\t\t\t\t<li property=\"itemListElement\" typeof=\"ListItem\" data-icon=\"&#x35;\">\n\t\t\t\t\t\t\t\t\t\t\t\t\t    <a class=\"breadcrumb-item dipl-home-page\" href=\"https:\/\/www.vbm-medical.de\/es\/\" property=\"item\" typeof=\"WebPage\" >\n\t\t\t\t\t\t\t\t\t\t\t\t\t      \t<span class=\"breadcrumb-page\" property=\"name\">Home<\/span>\n\t\t\t\t\t\t\t\t\t\t\t\t\t    <\/a>\n\t\t\t\t\t\t\t\t\t\t\t\t\t    <meta property=\"position\" content=\"1\" \/>\n\t\t\t\t\t\t\t\t\t\t\t\t\t<\/li>\n\t\t\t\t\t\t\t\t<\/ol>\n\t\t\t\t\t\t\t<\/div>\n\t\t\t\t<\/div>\n\t\t\t<\/div>Tubo de siliconaBiocompatibilidad probada y certificada seg\u00fan USP Clase VI (sin marcado CE )Ofrecemos una gama amplia de tubos de silicona transparentes y lisos. Los tubos est\u00e1n disponibles con di\u00e1metros interiores [&hellip;]<\/p>\n","protected":false},"author":5,"featured_media":0,"parent":261749,"menu_order":12,"comment_status":"closed","ping_status":"closed","template":"","meta":{"_et_pb_use_builder":"on","_et_pb_old_content":"","_et_gb_content_width":"","footnotes":""},"tags":[],"class_list":["post-265377","page","type-page","status-publish","hentry"],"_links":{"self":[{"href":"https:\/\/www.vbm-medical.de\/es\/wp-json\/wp\/v2\/pages\/265377","targetHints":{"allow":["GET"]}}],"collection":[{"href":"https:\/\/www.vbm-medical.de\/es\/wp-json\/wp\/v2\/pages"}],"about":[{"href":"https:\/\/www.vbm-medical.de\/es\/wp-json\/wp\/v2\/types\/page"}],"author":[{"embeddable":true,"href":"https:\/\/www.vbm-medical.de\/es\/wp-json\/wp\/v2\/users\/5"}],"replies":[{"embeddable":true,"href":"https:\/\/www.vbm-medical.de\/es\/wp-json\/wp\/v2\/comments?post=265377"}],"version-history":[{"count":11,"href":"https:\/\/www.vbm-medical.de\/es\/wp-json\/wp\/v2\/pages\/265377\/revisions"}],"predecessor-version":[{"id":278086,"href":"https:\/\/www.vbm-medical.de\/es\/wp-json\/wp\/v2\/pages\/265377\/revisions\/278086"}],"up":[{"embeddable":true,"href":"https:\/\/www.vbm-medical.de\/es\/wp-json\/wp\/v2\/pages\/261749"}],"wp:attachment":[{"href":"https:\/\/www.vbm-medical.de\/es\/wp-json\/wp\/v2\/media?parent=265377"}],"wp:term":[{"taxonomy":"post_tag","embeddable":true,"href":"https:\/\/www.vbm-medical.de\/es\/wp-json\/wp\/v2\/tags?post=265377"}],"curies":[{"name":"wp","href":"https:\/\/api.w.org\/{rel}","templated":true}]}}